{"id":1247,"date":"2021-09-14T13:55:51","date_gmt":"2021-09-14T13:55:51","guid":{"rendered":"https:\/\/www.slievebloomsnaturereserve.ie\/stair\/"},"modified":"2023-10-03T08:28:23","modified_gmt":"2023-10-03T08:28:23","slug":"stair","status":"publish","type":"page","link":"https:\/\/www.slievebloomsnaturereserve.ie\/ga\/stair\/","title":{"rendered":"Stair"},"content":{"rendered":"\n<p>T\u00e1 Sliabh Bladhma ar an raon sl\u00e9ibhte is sine san Eoraip; agus roinntear an teideal sin leis an Massif Central sa Fhrainc, agus crutha\u00edodh iad timpeall 400 milli\u00fan bliain \u00f3 shin. Bh\u00ed siad ar na cinn is airde tr\u00e1th freisin ag 3700m c\u00e9 nach f\u00edor sin a thuilleadh mar go bhfuil Ard \u00c9ireann ar an bpointe is airde inniu ag 527m.<\/p>\n\n<p>Tugtar Sliabh Bladhma orthu i nGaeilge, agus t\u00e1 siad ainmnithe i ndiaidh laoch miotasach Chonnacht Bladhma a bh\u00ed ag lorg tearmann sna sl\u00e9ibhte tr\u00e1th.<\/p>\n\n<p>Crutha\u00edonn na sl\u00e9ibhte ina n-ioml\u00e1ine nasc idir contaetha Laoise agus U\u00edbh Fhail\u00ed, ag s\u00edneadh \u00f3n mbaile is gaire Ros Cr\u00e9 san iardheisceart go Ros Fhionnghlaise san iarthuaisceart. Buna\u00edodh \u00ed sa bhliain 1985 chun caomhn\u00fa an bhratphortaigh sl\u00e9ibhe a chinnti\u00fa, cl\u00fada\u00edonn an Anaclann D\u00falra f\u00e9in 2300 heicte\u00e1r agus t\u00e9ann s\u00ed feadh an iomaire ail\u00ednithe san oirthuaisceart agus san iardheisceart ar feadh thart ar 25km.<\/p>\n\n<p>As Sean-Ghaineamhchloch Rua at\u00e1 na sl\u00e9ibhte d\u00e9anta, agus iad suite ar shraith de charraigeacha Siol\u00faracha. M\u00f3rthimpeall orthu t\u00e1 an machaire r\u00e9idh aolchloiche as a bhfuil formh\u00f3r L\u00e1r-R\u00e9igi\u00fan na h\u00c9ireann d\u00e9anta.<\/p>\n","protected":false},"excerpt":{"rendered":"<p>T\u00e1 Sliabh Bladhma ar an raon sl\u00e9ibhte is sine san Eoraip; agus roinntear an teideal sin leis an Massif Central sa Fhrainc, agus crutha\u00edodh iad timpeall 400 milli\u00fan bliain \u00f3 shin. Bh\u00ed siad ar na cinn is airde tr\u00e1th freisin ag 3700m c\u00e9 nach f\u00edor sin a thuilleadh mar go bhfuil Ard \u00c9ireann ar an&#8230; <\/p>\n","protected":false},"author":9,"featured_media":0,"parent":0,"menu_order":0,"comment_status":"closed","ping_status":"closed","template":"no-sidebar.php","meta":{"footnotes":""},"class_list":["post-1247","page","type-page","status-publish","hentry"],"yoast_head":"<!-- This site is optimized with the Yoast SEO plugin v27.5 - https:\/\/yoast.com\/product\/yoast-seo-wordpress\/ -->\n<title>Stair - Anaclann D\u00falra Shliabh Bladhma<\/title>\n<meta name=\"robots\" content=\"index, follow, max-snippet:-1, max-image-preview:large, max-video-preview:-1\" \/>\n<link rel=\"canonical\" href=\"https:\/\/www.slievebloomsnaturereserve.ie\/ga\/stair\/\" \/>\n<meta property=\"og:locale\" content=\"ga_IE\" \/>\n<meta property=\"og:type\" content=\"article\" \/>\n<meta property=\"og:title\" content=\"Stair - Anaclann D\u00falra Shliabh Bladhma\" \/>\n<meta property=\"og:description\" content=\"T\u00e1 Sliabh Bladhma ar an raon sl\u00e9ibhte is sine san Eoraip; agus roinntear an teideal sin leis an Massif Central sa Fhrainc, agus crutha\u00edodh iad timpeall 400 milli\u00fan bliain \u00f3 shin. Bh\u00ed siad ar na cinn is airde tr\u00e1th freisin ag 3700m c\u00e9 nach f\u00edor sin a thuilleadh mar go bhfuil Ard \u00c9ireann ar an...\" \/>\n<meta property=\"og:url\" content=\"https:\/\/www.slievebloomsnaturereserve.ie\/ga\/stair\/\" \/>\n<meta property=\"og:site_name\" content=\"Anaclann D\u00falra Shliabh Bladhma\" \/>\n<meta property=\"article:modified_time\" content=\"2023-10-03T08:28:23+00:00\" \/>\n<meta name=\"twitter:card\" content=\"summary_large_image\" \/>\n<meta name=\"twitter:label1\" content=\"Est. reading time\" \/>\n\t<meta name=\"twitter:data1\" content=\"1 minute\" \/>\n<script type=\"application\/ld+json\" class=\"yoast-schema-graph\">{\"@context\":\"https:\\\/\\\/schema.org\",\"@graph\":[{\"@type\":\"WebPage\",\"@id\":\"https:\\\/\\\/www.slievebloomsnaturereserve.ie\\\/ga\\\/stair\\\/\",\"url\":\"https:\\\/\\\/www.slievebloomsnaturereserve.ie\\\/ga\\\/stair\\\/\",\"name\":\"Stair - Anaclann D\u00falra Shliabh Bladhma\",\"isPartOf\":{\"@id\":\"https:\\\/\\\/www.slievebloomsnaturereserve.ie\\\/ga\\\/#website\"},\"datePublished\":\"2021-09-14T13:55:51+00:00\",\"dateModified\":\"2023-10-03T08:28:23+00:00\",\"breadcrumb\":{\"@id\":\"https:\\\/\\\/www.slievebloomsnaturereserve.ie\\\/ga\\\/stair\\\/#breadcrumb\"},\"inLanguage\":\"ga-IE\",\"potentialAction\":[{\"@type\":\"ReadAction\",\"target\":[\"https:\\\/\\\/www.slievebloomsnaturereserve.ie\\\/ga\\\/stair\\\/\"]}]},{\"@type\":\"BreadcrumbList\",\"@id\":\"https:\\\/\\\/www.slievebloomsnaturereserve.ie\\\/ga\\\/stair\\\/#breadcrumb\",\"itemListElement\":[{\"@type\":\"ListItem\",\"position\":1,\"name\":\"Home\",\"item\":\"https:\\\/\\\/www.slievebloomsnaturereserve.ie\\\/ga\\\/\"},{\"@type\":\"ListItem\",\"position\":2,\"name\":\"Stair\"}]},{\"@type\":\"WebSite\",\"@id\":\"https:\\\/\\\/www.slievebloomsnaturereserve.ie\\\/ga\\\/#website\",\"url\":\"https:\\\/\\\/www.slievebloomsnaturereserve.ie\\\/ga\\\/\",\"name\":\"Wexford Wildfowl Reserve\",\"description\":\"\",\"publisher\":{\"@id\":\"https:\\\/\\\/www.slievebloomsnaturereserve.ie\\\/ga\\\/#organization\"},\"potentialAction\":[{\"@type\":\"SearchAction\",\"target\":{\"@type\":\"EntryPoint\",\"urlTemplate\":\"https:\\\/\\\/www.slievebloomsnaturereserve.ie\\\/ga\\\/?s={search_term_string}\"},\"query-input\":{\"@type\":\"PropertyValueSpecification\",\"valueRequired\":true,\"valueName\":\"search_term_string\"}}],\"inLanguage\":\"ga-IE\"},{\"@type\":\"Organization\",\"@id\":\"https:\\\/\\\/www.slievebloomsnaturereserve.ie\\\/ga\\\/#organization\",\"name\":\"Wexford Wildfowl Reserve\",\"url\":\"https:\\\/\\\/www.slievebloomsnaturereserve.ie\\\/ga\\\/\",\"logo\":{\"@type\":\"ImageObject\",\"inLanguage\":\"ga-IE\",\"@id\":\"https:\\\/\\\/www.slievebloomsnaturereserve.ie\\\/ga\\\/#\\\/schema\\\/logo\\\/image\\\/\",\"url\":\"https:\\\/\\\/www.wexfordwildfowlreserve.ie\\\/wp-content\\\/uploads\\\/2018\\\/10\\\/WWP-sized.png\",\"contentUrl\":\"https:\\\/\\\/www.wexfordwildfowlreserve.ie\\\/wp-content\\\/uploads\\\/2018\\\/10\\\/WWP-sized.png\",\"width\":404,\"height\":100,\"caption\":\"Wexford Wildfowl Reserve\"},\"image\":{\"@id\":\"https:\\\/\\\/www.slievebloomsnaturereserve.ie\\\/ga\\\/#\\\/schema\\\/logo\\\/image\\\/\"}}]}<\/script>\n<!-- \/ Yoast SEO plugin. -->","yoast_head_json":{"title":"Stair - Anaclann D\u00falra Shliabh Bladhma","robots":{"index":"index","follow":"follow","max-snippet":"max-snippet:-1","max-image-preview":"max-image-preview:large","max-video-preview":"max-video-preview:-1"},"canonical":"https:\/\/www.slievebloomsnaturereserve.ie\/ga\/stair\/","og_locale":"ga_IE","og_type":"article","og_title":"Stair - Anaclann D\u00falra Shliabh Bladhma","og_description":"T\u00e1 Sliabh Bladhma ar an raon sl\u00e9ibhte is sine san Eoraip; agus roinntear an teideal sin leis an Massif Central sa Fhrainc, agus crutha\u00edodh iad timpeall 400 milli\u00fan bliain \u00f3 shin. Bh\u00ed siad ar na cinn is airde tr\u00e1th freisin ag 3700m c\u00e9 nach f\u00edor sin a thuilleadh mar go bhfuil Ard \u00c9ireann ar an...","og_url":"https:\/\/www.slievebloomsnaturereserve.ie\/ga\/stair\/","og_site_name":"Anaclann D\u00falra Shliabh Bladhma","article_modified_time":"2023-10-03T08:28:23+00:00","twitter_card":"summary_large_image","twitter_misc":{"Est. reading time":"1 minute"},"schema":{"@context":"https:\/\/schema.org","@graph":[{"@type":"WebPage","@id":"https:\/\/www.slievebloomsnaturereserve.ie\/ga\/stair\/","url":"https:\/\/www.slievebloomsnaturereserve.ie\/ga\/stair\/","name":"Stair - Anaclann D\u00falra Shliabh Bladhma","isPartOf":{"@id":"https:\/\/www.slievebloomsnaturereserve.ie\/ga\/#website"},"datePublished":"2021-09-14T13:55:51+00:00","dateModified":"2023-10-03T08:28:23+00:00","breadcrumb":{"@id":"https:\/\/www.slievebloomsnaturereserve.ie\/ga\/stair\/#breadcrumb"},"inLanguage":"ga-IE","potentialAction":[{"@type":"ReadAction","target":["https:\/\/www.slievebloomsnaturereserve.ie\/ga\/stair\/"]}]},{"@type":"BreadcrumbList","@id":"https:\/\/www.slievebloomsnaturereserve.ie\/ga\/stair\/#breadcrumb","itemListElement":[{"@type":"ListItem","position":1,"name":"Home","item":"https:\/\/www.slievebloomsnaturereserve.ie\/ga\/"},{"@type":"ListItem","position":2,"name":"Stair"}]},{"@type":"WebSite","@id":"https:\/\/www.slievebloomsnaturereserve.ie\/ga\/#website","url":"https:\/\/www.slievebloomsnaturereserve.ie\/ga\/","name":"Wexford Wildfowl Reserve","description":"","publisher":{"@id":"https:\/\/www.slievebloomsnaturereserve.ie\/ga\/#organization"},"potentialAction":[{"@type":"SearchAction","target":{"@type":"EntryPoint","urlTemplate":"https:\/\/www.slievebloomsnaturereserve.ie\/ga\/?s={search_term_string}"},"query-input":{"@type":"PropertyValueSpecification","valueRequired":true,"valueName":"search_term_string"}}],"inLanguage":"ga-IE"},{"@type":"Organization","@id":"https:\/\/www.slievebloomsnaturereserve.ie\/ga\/#organization","name":"Wexford Wildfowl Reserve","url":"https:\/\/www.slievebloomsnaturereserve.ie\/ga\/","logo":{"@type":"ImageObject","inLanguage":"ga-IE","@id":"https:\/\/www.slievebloomsnaturereserve.ie\/ga\/#\/schema\/logo\/image\/","url":"https:\/\/www.wexfordwildfowlreserve.ie\/wp-content\/uploads\/2018\/10\/WWP-sized.png","contentUrl":"https:\/\/www.wexfordwildfowlreserve.ie\/wp-content\/uploads\/2018\/10\/WWP-sized.png","width":404,"height":100,"caption":"Wexford Wildfowl Reserve"},"image":{"@id":"https:\/\/www.slievebloomsnaturereserve.ie\/ga\/#\/schema\/logo\/image\/"}}]}},"jetpack_sharing_enabled":true,"_links":{"self":[{"href":"https:\/\/www.slievebloomsnaturereserve.ie\/ga\/wp-json\/wp\/v2\/pages\/1247","targetHints":{"allow":["GET"]}}],"collection":[{"href":"https:\/\/www.slievebloomsnaturereserve.ie\/ga\/wp-json\/wp\/v2\/pages"}],"about":[{"href":"https:\/\/www.slievebloomsnaturereserve.ie\/ga\/wp-json\/wp\/v2\/types\/page"}],"author":[{"embeddable":true,"href":"https:\/\/www.slievebloomsnaturereserve.ie\/ga\/wp-json\/wp\/v2\/users\/9"}],"replies":[{"embeddable":true,"href":"https:\/\/www.slievebloomsnaturereserve.ie\/ga\/wp-json\/wp\/v2\/comments?post=1247"}],"version-history":[{"count":4,"href":"https:\/\/www.slievebloomsnaturereserve.ie\/ga\/wp-json\/wp\/v2\/pages\/1247\/revisions"}],"predecessor-version":[{"id":1352,"href":"https:\/\/www.slievebloomsnaturereserve.ie\/ga\/wp-json\/wp\/v2\/pages\/1247\/revisions\/1352"}],"wp:attachment":[{"href":"https:\/\/www.slievebloomsnaturereserve.ie\/ga\/wp-json\/wp\/v2\/media?parent=1247"}],"curies":[{"name":"wp","href":"https:\/\/api.w.org\/{rel}","templated":true}]}}