{"id":1249,"date":"2021-09-14T11:32:59","date_gmt":"2021-09-14T11:32:59","guid":{"rendered":"https:\/\/www.slievebloomsnaturereserve.ie\/flora\/"},"modified":"2025-01-09T15:10:30","modified_gmt":"2025-01-09T15:10:30","slug":"flora","status":"publish","type":"page","link":"https:\/\/www.slievebloomsnaturereserve.ie\/ga\/flora\/","title":{"rendered":"Flora"},"content":{"rendered":"\n<p>I measc na bplanda\u00ed at\u00e1 le f\u00e1il ar an bportach t\u00e1 caonach sphagnum, ceannbh\u00e1n, c\u00edb cheanngheal, lus na feann\u00f3ige, fraoch naosca\u00ed, sciollam na m\u00f3na agus fionn\u00e1n. T\u00e1 l\u00e9icin gheala le feice\u00e1il i ngach \u00e1it. Sna linnte is fliche agus i mborrfh\u00e1is (criosanna silte) den phortach gheofar dr\u00facht\u00edn\u00ed, lus an bhorraigh agus leith uisce. Sa mh\u00f3inteach n\u00f3 sna fraochmh\u00e1nna at\u00e1 beag\u00e1n n\u00edos tirime, is fraoch m\u00f3r n\u00f3 fraochan n\u00f3 fraoch\u00f3g at\u00e1 le feice\u00e1il freisin. Speicis eile n\u00e1r mhiste a lua is ea an d\u00e9dhuilleog bheag, aiteann Muire chomh maith le m\u00f3n\u00f3g agus lus na m\u00f3inte. Meastar gur cruth\u00fa ar nasc bl\u00e1th\u00fail idir an bratphortach sl\u00e9ibhe agus portaigh ardaithe l\u00e1r na t\u00edre \u00e9 an fhl\u00fairse de lus na m\u00f3inte agus den mhon\u00f3g \u00f3s ar phortaigh ardaithe a fhaightear an d\u00e1 speiceas sin de ghn\u00e1th. Nasc t\u00e1bhachtach is ea an anaclann d\u00falra i ngr\u00e1d\u00e1n thoir-thiar phortaigh na h\u00c9ireann, i bhfianaise an d\u00e1 speiceas sin a bheith le f\u00e1il ann. Cuireann limist\u00e9ir de thalamh f\u00e9araigh arda, f\u00e9arach fliuch, coillearnach leathanduilleach agus scrobarnach le h\u00e9ags\u00falacht an tsu\u00edmh. Sna clas\u00e1in agus sna m\u00e1im a ghearr na sruth\u00e1in sl\u00e9ibhe as an gcarraig gheofar \u2018micreaghn\u00e1th\u00f3ga\u2019eile ar d\u00edol suntais iad.<\/p>\n\n<p>Planda\u00ed portaigh:- caonach sphagnum, ceannbh\u00e1n (Eriophorum), ceannbh\u00e1in (Eriophorum spp), c\u00edb cheanngheal (Scirpus respitosus n\u00f3 Trichophorum germanicum), lus na feann\u00f3ige (Empeter nigrum), fraoch naosca\u00ed (Erica tetralix), sciollam na m\u00f3na (Narthecium ossifragum), fionn\u00e1n (Molina cerula), l\u00e9icin cladonia.<br\/> Faightear dr\u00facht\u00edn\u00ed, lus an lamhn\u00e1in agus lus an fh\u00e9ile i measc linnte agus sruthanna fliucha.<\/p>\n\n<p>Planda\u00ed m\u00f3intigh agus fraoigh:- fraoch m\u00f3r (calluna vulgaris), fraoch\u00e1n (vaccinium myrtillus), d\u00e9dhuilleog bheag (listera cordata), aiteann Muire (huperzia selago), m\u00f3n\u00f3g (vaccinium oxycoccos), lus na m\u00f3inte (Andromeda polifolia).<\/p>\n\n<div class=\"wp-block-columns is-layout-flex wp-container-core-columns-is-layout-9d6595d7 wp-block-columns-is-layout-flex\">\n<div class=\"wp-block-column is-layout-flow wp-block-column-is-layout-flow\"><div class=\"wp-block-image\">\n<figure class=\"aligncenter size-full is-resized\"><a href=\"https:\/\/www.slievebloomsnaturereserve.ie\/wp-content\/uploads\/2021\/10\/close-cropped-Devils-bit-scaled.jpg\"><img decoding=\"async\" src=\"https:\/\/www.slievebloomsnaturereserve.ie\/wp-content\/uploads\/2021\/10\/close-cropped-Devils-bit-scaled.jpg\" alt=\"Odhrach bhallach\" class=\"wp-image-1097\" style=\"height:400px\" height=\"400\" srcset=\"https:\/\/www.slievebloomsnaturereserve.ie\/wp-content\/uploads\/2021\/10\/close-cropped-Devils-bit-scaled.jpg 2000w, https:\/\/www.slievebloomsnaturereserve.ie\/wp-content\/uploads\/2021\/10\/close-cropped-Devils-bit-234x300.jpg 234w, https:\/\/www.slievebloomsnaturereserve.ie\/wp-content\/uploads\/2021\/10\/close-cropped-Devils-bit-800x1024.jpg 800w, https:\/\/www.slievebloomsnaturereserve.ie\/wp-content\/uploads\/2021\/10\/close-cropped-Devils-bit-768x983.jpg 768w, https:\/\/www.slievebloomsnaturereserve.ie\/wp-content\/uploads\/2021\/10\/close-cropped-Devils-bit-1200x1536.jpg 1200w, https:\/\/www.slievebloomsnaturereserve.ie\/wp-content\/uploads\/2021\/10\/close-cropped-Devils-bit-1600x2048.jpg 1600w\" sizes=\"(max-width: 2000px) 100vw, 2000px\" \/><\/a><\/figure>\n<\/div><\/div>\n\n\n\n<div class=\"wp-block-column is-layout-flow wp-block-column-is-layout-flow\"><div class=\"wp-block-image\">\n<figure class=\"aligncenter size-full is-resized\"><a href=\"https:\/\/www.slievebloomsnaturereserve.ie\/wp-content\/uploads\/2021\/10\/close-cropped-cross-leaved-heath-scaled.jpg\"><img decoding=\"async\" src=\"https:\/\/www.slievebloomsnaturereserve.ie\/wp-content\/uploads\/2021\/10\/close-cropped-cross-leaved-heath-scaled.jpg\" alt=\"Fraoch naosca&#xED;\" class=\"wp-image-1096\" style=\"height:400px\" height=\"400\" srcset=\"https:\/\/www.slievebloomsnaturereserve.ie\/wp-content\/uploads\/2021\/10\/close-cropped-cross-leaved-heath-scaled.jpg 1697w, https:\/\/www.slievebloomsnaturereserve.ie\/wp-content\/uploads\/2021\/10\/close-cropped-cross-leaved-heath-199x300.jpg 199w, https:\/\/www.slievebloomsnaturereserve.ie\/wp-content\/uploads\/2021\/10\/close-cropped-cross-leaved-heath-679x1024.jpg 679w, https:\/\/www.slievebloomsnaturereserve.ie\/wp-content\/uploads\/2021\/10\/close-cropped-cross-leaved-heath-768x1159.jpg 768w, https:\/\/www.slievebloomsnaturereserve.ie\/wp-content\/uploads\/2021\/10\/close-cropped-cross-leaved-heath-1018x1536.jpg 1018w, https:\/\/www.slievebloomsnaturereserve.ie\/wp-content\/uploads\/2021\/10\/close-cropped-cross-leaved-heath-1357x2048.jpg 1357w\" sizes=\"(max-width: 1697px) 100vw, 1697px\" \/><\/a><\/figure>\n<\/div><\/div>\n\n\n\n<div class=\"wp-block-column is-layout-flow wp-block-column-is-layout-flow\"><div class=\"wp-block-image\">\n<figure class=\"aligncenter size-full is-resized\"><a href=\"https:\/\/www.slievebloomsnaturereserve.ie\/wp-content\/uploads\/2021\/10\/close-cropped-Bog-asphodel-scaled.jpg\"><img decoding=\"async\" src=\"https:\/\/www.slievebloomsnaturereserve.ie\/wp-content\/uploads\/2021\/10\/close-cropped-Bog-asphodel-scaled.jpg\" alt=\"Sciollam na m&#xF3;na\" class=\"wp-image-1095\" style=\"height:400px\" height=\"400\" srcset=\"https:\/\/www.slievebloomsnaturereserve.ie\/wp-content\/uploads\/2021\/10\/close-cropped-Bog-asphodel-scaled.jpg 1500w, https:\/\/www.slievebloomsnaturereserve.ie\/wp-content\/uploads\/2021\/10\/close-cropped-Bog-asphodel-176x300.jpg 176w, https:\/\/www.slievebloomsnaturereserve.ie\/wp-content\/uploads\/2021\/10\/close-cropped-Bog-asphodel-600x1024.jpg 600w, https:\/\/www.slievebloomsnaturereserve.ie\/wp-content\/uploads\/2021\/10\/close-cropped-Bog-asphodel-768x1311.jpg 768w, https:\/\/www.slievebloomsnaturereserve.ie\/wp-content\/uploads\/2021\/10\/close-cropped-Bog-asphodel-900x1536.jpg 900w, https:\/\/www.slievebloomsnaturereserve.ie\/wp-content\/uploads\/2021\/10\/close-cropped-Bog-asphodel-1200x2048.jpg 1200w\" sizes=\"(max-width: 1500px) 100vw, 1500px\" \/><\/a><\/figure>\n<\/div><\/div>\n<\/div>\n","protected":false},"excerpt":{"rendered":"<p>I measc na bplanda\u00ed at\u00e1 le f\u00e1il ar an bportach t\u00e1 caonach sphagnum, ceannbh\u00e1n, c\u00edb cheanngheal, lus na feann\u00f3ige, fraoch naosca\u00ed, sciollam na m\u00f3na agus fionn\u00e1n. T\u00e1 l\u00e9icin gheala le feice\u00e1il i ngach \u00e1it. Sna linnte is fliche agus i mborrfh\u00e1is (criosanna silte) den phortach gheofar dr\u00facht\u00edn\u00ed, lus an bhorraigh agus leith uisce. Sa mh\u00f3inteach&#8230; <\/p>\n","protected":false},"author":9,"featured_media":0,"parent":0,"menu_order":0,"comment_status":"closed","ping_status":"closed","template":"no-sidebar.php","meta":{"footnotes":""},"class_list":["post-1249","page","type-page","status-publish","hentry"],"yoast_head":"<!-- This site is optimized with the Yoast SEO plugin v27.5 - https:\/\/yoast.com\/product\/yoast-seo-wordpress\/ -->\n<title>Flora - Anaclann D\u00falra Shliabh Bladhma<\/title>\n<meta name=\"robots\" content=\"index, follow, max-snippet:-1, max-image-preview:large, max-video-preview:-1\" \/>\n<link rel=\"canonical\" href=\"https:\/\/www.slievebloomsnaturereserve.ie\/ga\/flora\/\" \/>\n<meta property=\"og:locale\" content=\"ga_IE\" \/>\n<meta property=\"og:type\" content=\"article\" \/>\n<meta property=\"og:title\" content=\"Flora - Anaclann D\u00falra Shliabh Bladhma\" \/>\n<meta property=\"og:description\" content=\"I measc na bplanda\u00ed at\u00e1 le f\u00e1il ar an bportach t\u00e1 caonach sphagnum, ceannbh\u00e1n, c\u00edb cheanngheal, lus na feann\u00f3ige, fraoch naosca\u00ed, sciollam na m\u00f3na agus fionn\u00e1n. T\u00e1 l\u00e9icin gheala le feice\u00e1il i ngach \u00e1it. Sna linnte is fliche agus i mborrfh\u00e1is (criosanna silte) den phortach gheofar dr\u00facht\u00edn\u00ed, lus an bhorraigh agus leith uisce. Sa mh\u00f3inteach...\" \/>\n<meta property=\"og:url\" content=\"https:\/\/www.slievebloomsnaturereserve.ie\/ga\/flora\/\" \/>\n<meta property=\"og:site_name\" content=\"Anaclann D\u00falra Shliabh Bladhma\" \/>\n<meta property=\"article:modified_time\" content=\"2025-01-09T15:10:30+00:00\" \/>\n<meta property=\"og:image\" content=\"https:\/\/www.slievebloomsnaturereserve.ie\/wp-content\/uploads\/2021\/10\/close-cropped-Devils-bit-scaled.jpg\" \/>\n\t<meta property=\"og:image:width\" content=\"2000\" \/>\n\t<meta property=\"og:image:height\" content=\"2560\" \/>\n\t<meta property=\"og:image:type\" content=\"image\/jpeg\" \/>\n<meta name=\"twitter:card\" content=\"summary_large_image\" \/>\n<meta name=\"twitter:label1\" content=\"Est. reading time\" \/>\n\t<meta name=\"twitter:data1\" content=\"2 minutes\" \/>\n<script type=\"application\/ld+json\" class=\"yoast-schema-graph\">{\"@context\":\"https:\\\/\\\/schema.org\",\"@graph\":[{\"@type\":\"WebPage\",\"@id\":\"https:\\\/\\\/www.slievebloomsnaturereserve.ie\\\/ga\\\/flora\\\/\",\"url\":\"https:\\\/\\\/www.slievebloomsnaturereserve.ie\\\/ga\\\/flora\\\/\",\"name\":\"Flora - Anaclann D\u00falra Shliabh Bladhma\",\"isPartOf\":{\"@id\":\"https:\\\/\\\/www.slievebloomsnaturereserve.ie\\\/ga\\\/#website\"},\"primaryImageOfPage\":{\"@id\":\"https:\\\/\\\/www.slievebloomsnaturereserve.ie\\\/ga\\\/flora\\\/#primaryimage\"},\"image\":{\"@id\":\"https:\\\/\\\/www.slievebloomsnaturereserve.ie\\\/ga\\\/flora\\\/#primaryimage\"},\"thumbnailUrl\":\"https:\\\/\\\/www.slievebloomsnaturereserve.ie\\\/wp-content\\\/uploads\\\/2021\\\/10\\\/close-cropped-Devils-bit-scaled.jpg\",\"datePublished\":\"2021-09-14T11:32:59+00:00\",\"dateModified\":\"2025-01-09T15:10:30+00:00\",\"breadcrumb\":{\"@id\":\"https:\\\/\\\/www.slievebloomsnaturereserve.ie\\\/ga\\\/flora\\\/#breadcrumb\"},\"inLanguage\":\"ga-IE\",\"potentialAction\":[{\"@type\":\"ReadAction\",\"target\":[\"https:\\\/\\\/www.slievebloomsnaturereserve.ie\\\/ga\\\/flora\\\/\"]}]},{\"@type\":\"ImageObject\",\"inLanguage\":\"ga-IE\",\"@id\":\"https:\\\/\\\/www.slievebloomsnaturereserve.ie\\\/ga\\\/flora\\\/#primaryimage\",\"url\":\"https:\\\/\\\/www.slievebloomsnaturereserve.ie\\\/wp-content\\\/uploads\\\/2021\\\/10\\\/close-cropped-Devils-bit-scaled.jpg\",\"contentUrl\":\"https:\\\/\\\/www.slievebloomsnaturereserve.ie\\\/wp-content\\\/uploads\\\/2021\\\/10\\\/close-cropped-Devils-bit-scaled.jpg\"},{\"@type\":\"BreadcrumbList\",\"@id\":\"https:\\\/\\\/www.slievebloomsnaturereserve.ie\\\/ga\\\/flora\\\/#breadcrumb\",\"itemListElement\":[{\"@type\":\"ListItem\",\"position\":1,\"name\":\"Home\",\"item\":\"https:\\\/\\\/www.slievebloomsnaturereserve.ie\\\/ga\\\/\"},{\"@type\":\"ListItem\",\"position\":2,\"name\":\"Flora\"}]},{\"@type\":\"WebSite\",\"@id\":\"https:\\\/\\\/www.slievebloomsnaturereserve.ie\\\/ga\\\/#website\",\"url\":\"https:\\\/\\\/www.slievebloomsnaturereserve.ie\\\/ga\\\/\",\"name\":\"Wexford Wildfowl Reserve\",\"description\":\"\",\"publisher\":{\"@id\":\"https:\\\/\\\/www.slievebloomsnaturereserve.ie\\\/ga\\\/#organization\"},\"potentialAction\":[{\"@type\":\"SearchAction\",\"target\":{\"@type\":\"EntryPoint\",\"urlTemplate\":\"https:\\\/\\\/www.slievebloomsnaturereserve.ie\\\/ga\\\/?s={search_term_string}\"},\"query-input\":{\"@type\":\"PropertyValueSpecification\",\"valueRequired\":true,\"valueName\":\"search_term_string\"}}],\"inLanguage\":\"ga-IE\"},{\"@type\":\"Organization\",\"@id\":\"https:\\\/\\\/www.slievebloomsnaturereserve.ie\\\/ga\\\/#organization\",\"name\":\"Wexford Wildfowl Reserve\",\"url\":\"https:\\\/\\\/www.slievebloomsnaturereserve.ie\\\/ga\\\/\",\"logo\":{\"@type\":\"ImageObject\",\"inLanguage\":\"ga-IE\",\"@id\":\"https:\\\/\\\/www.slievebloomsnaturereserve.ie\\\/ga\\\/#\\\/schema\\\/logo\\\/image\\\/\",\"url\":\"https:\\\/\\\/www.wexfordwildfowlreserve.ie\\\/wp-content\\\/uploads\\\/2018\\\/10\\\/WWP-sized.png\",\"contentUrl\":\"https:\\\/\\\/www.wexfordwildfowlreserve.ie\\\/wp-content\\\/uploads\\\/2018\\\/10\\\/WWP-sized.png\",\"width\":404,\"height\":100,\"caption\":\"Wexford Wildfowl Reserve\"},\"image\":{\"@id\":\"https:\\\/\\\/www.slievebloomsnaturereserve.ie\\\/ga\\\/#\\\/schema\\\/logo\\\/image\\\/\"}}]}<\/script>\n<!-- \/ Yoast SEO plugin. -->","yoast_head_json":{"title":"Flora - Anaclann D\u00falra Shliabh Bladhma","robots":{"index":"index","follow":"follow","max-snippet":"max-snippet:-1","max-image-preview":"max-image-preview:large","max-video-preview":"max-video-preview:-1"},"canonical":"https:\/\/www.slievebloomsnaturereserve.ie\/ga\/flora\/","og_locale":"ga_IE","og_type":"article","og_title":"Flora - Anaclann D\u00falra Shliabh Bladhma","og_description":"I measc na bplanda\u00ed at\u00e1 le f\u00e1il ar an bportach t\u00e1 caonach sphagnum, ceannbh\u00e1n, c\u00edb cheanngheal, lus na feann\u00f3ige, fraoch naosca\u00ed, sciollam na m\u00f3na agus fionn\u00e1n. T\u00e1 l\u00e9icin gheala le feice\u00e1il i ngach \u00e1it. Sna linnte is fliche agus i mborrfh\u00e1is (criosanna silte) den phortach gheofar dr\u00facht\u00edn\u00ed, lus an bhorraigh agus leith uisce. Sa mh\u00f3inteach...","og_url":"https:\/\/www.slievebloomsnaturereserve.ie\/ga\/flora\/","og_site_name":"Anaclann D\u00falra Shliabh Bladhma","article_modified_time":"2025-01-09T15:10:30+00:00","og_image":[{"width":2000,"height":2560,"url":"https:\/\/www.slievebloomsnaturereserve.ie\/wp-content\/uploads\/2021\/10\/close-cropped-Devils-bit-scaled.jpg","type":"image\/jpeg"}],"twitter_card":"summary_large_image","twitter_misc":{"Est. reading time":"2 minutes"},"schema":{"@context":"https:\/\/schema.org","@graph":[{"@type":"WebPage","@id":"https:\/\/www.slievebloomsnaturereserve.ie\/ga\/flora\/","url":"https:\/\/www.slievebloomsnaturereserve.ie\/ga\/flora\/","name":"Flora - Anaclann D\u00falra Shliabh Bladhma","isPartOf":{"@id":"https:\/\/www.slievebloomsnaturereserve.ie\/ga\/#website"},"primaryImageOfPage":{"@id":"https:\/\/www.slievebloomsnaturereserve.ie\/ga\/flora\/#primaryimage"},"image":{"@id":"https:\/\/www.slievebloomsnaturereserve.ie\/ga\/flora\/#primaryimage"},"thumbnailUrl":"https:\/\/www.slievebloomsnaturereserve.ie\/wp-content\/uploads\/2021\/10\/close-cropped-Devils-bit-scaled.jpg","datePublished":"2021-09-14T11:32:59+00:00","dateModified":"2025-01-09T15:10:30+00:00","breadcrumb":{"@id":"https:\/\/www.slievebloomsnaturereserve.ie\/ga\/flora\/#breadcrumb"},"inLanguage":"ga-IE","potentialAction":[{"@type":"ReadAction","target":["https:\/\/www.slievebloomsnaturereserve.ie\/ga\/flora\/"]}]},{"@type":"ImageObject","inLanguage":"ga-IE","@id":"https:\/\/www.slievebloomsnaturereserve.ie\/ga\/flora\/#primaryimage","url":"https:\/\/www.slievebloomsnaturereserve.ie\/wp-content\/uploads\/2021\/10\/close-cropped-Devils-bit-scaled.jpg","contentUrl":"https:\/\/www.slievebloomsnaturereserve.ie\/wp-content\/uploads\/2021\/10\/close-cropped-Devils-bit-scaled.jpg"},{"@type":"BreadcrumbList","@id":"https:\/\/www.slievebloomsnaturereserve.ie\/ga\/flora\/#breadcrumb","itemListElement":[{"@type":"ListItem","position":1,"name":"Home","item":"https:\/\/www.slievebloomsnaturereserve.ie\/ga\/"},{"@type":"ListItem","position":2,"name":"Flora"}]},{"@type":"WebSite","@id":"https:\/\/www.slievebloomsnaturereserve.ie\/ga\/#website","url":"https:\/\/www.slievebloomsnaturereserve.ie\/ga\/","name":"Wexford Wildfowl Reserve","description":"","publisher":{"@id":"https:\/\/www.slievebloomsnaturereserve.ie\/ga\/#organization"},"potentialAction":[{"@type":"SearchAction","target":{"@type":"EntryPoint","urlTemplate":"https:\/\/www.slievebloomsnaturereserve.ie\/ga\/?s={search_term_string}"},"query-input":{"@type":"PropertyValueSpecification","valueRequired":true,"valueName":"search_term_string"}}],"inLanguage":"ga-IE"},{"@type":"Organization","@id":"https:\/\/www.slievebloomsnaturereserve.ie\/ga\/#organization","name":"Wexford Wildfowl Reserve","url":"https:\/\/www.slievebloomsnaturereserve.ie\/ga\/","logo":{"@type":"ImageObject","inLanguage":"ga-IE","@id":"https:\/\/www.slievebloomsnaturereserve.ie\/ga\/#\/schema\/logo\/image\/","url":"https:\/\/www.wexfordwildfowlreserve.ie\/wp-content\/uploads\/2018\/10\/WWP-sized.png","contentUrl":"https:\/\/www.wexfordwildfowlreserve.ie\/wp-content\/uploads\/2018\/10\/WWP-sized.png","width":404,"height":100,"caption":"Wexford Wildfowl Reserve"},"image":{"@id":"https:\/\/www.slievebloomsnaturereserve.ie\/ga\/#\/schema\/logo\/image\/"}}]}},"jetpack_sharing_enabled":true,"_links":{"self":[{"href":"https:\/\/www.slievebloomsnaturereserve.ie\/ga\/wp-json\/wp\/v2\/pages\/1249","targetHints":{"allow":["GET"]}}],"collection":[{"href":"https:\/\/www.slievebloomsnaturereserve.ie\/ga\/wp-json\/wp\/v2\/pages"}],"about":[{"href":"https:\/\/www.slievebloomsnaturereserve.ie\/ga\/wp-json\/wp\/v2\/types\/page"}],"author":[{"embeddable":true,"href":"https:\/\/www.slievebloomsnaturereserve.ie\/ga\/wp-json\/wp\/v2\/users\/9"}],"replies":[{"embeddable":true,"href":"https:\/\/www.slievebloomsnaturereserve.ie\/ga\/wp-json\/wp\/v2\/comments?post=1249"}],"version-history":[{"count":5,"href":"https:\/\/www.slievebloomsnaturereserve.ie\/ga\/wp-json\/wp\/v2\/pages\/1249\/revisions"}],"predecessor-version":[{"id":1490,"href":"https:\/\/www.slievebloomsnaturereserve.ie\/ga\/wp-json\/wp\/v2\/pages\/1249\/revisions\/1490"}],"wp:attachment":[{"href":"https:\/\/www.slievebloomsnaturereserve.ie\/ga\/wp-json\/wp\/v2\/media?parent=1249"}],"curies":[{"name":"wp","href":"https:\/\/api.w.org\/{rel}","templated":true}]}}