{"id":1250,"date":"2021-09-14T11:33:19","date_gmt":"2021-09-14T11:33:19","guid":{"rendered":"https:\/\/www.slievebloomsnaturereserve.ie\/fana\/"},"modified":"2025-01-09T15:08:42","modified_gmt":"2025-01-09T15:08:42","slug":"fana","status":"publish","type":"page","link":"https:\/\/www.slievebloomsnaturereserve.ie\/ga\/fana\/","title":{"rendered":"F\u00e1na"},"content":{"rendered":"\n<p>Dh\u00e1 speiceas comharthach \u00e9an is ea Crom\u00e1n na gCearc agus an Chearc Fhraoigh, agus gn\u00e1th\u00f3g d\u00f3ibh araon is ea Anaclann D\u00falra Shliabh Bladhma. Ar an talamh a dh\u00e9anann an d\u00e1 \u00e9an a nead, ar an mbratphortach agus ar an bhfraochmh\u00e1. T\u00e1 Crom\u00e1n na gCearc ar cheann de na h\u00e9in chreiche is neamhchoitianta in \u00c9irinn, agus is \u00e9an g\u00e9im r\u00fanmhar \u00ed an Chearc Fhraoigh nach bhfeictear go hiond\u00fail ach nuair a bhr\u00fachta\u00edtear as an gcasarnach \u00ed. Gheofar an riabh\u00f3g mh\u00f3na agus an fhuiseog ar fud na hAnaclainne D\u00falra agus sa gheimhreadh b\u00edonn geal\u00f3ga sneachta le feice\u00e1il inti.<\/p>\n\n<div class=\"wp-block-columns is-layout-flex wp-container-core-columns-is-layout-9d6595d7 wp-block-columns-is-layout-flex\">\n<div class=\"wp-block-column is-layout-flow wp-block-column-is-layout-flow\" style=\"flex-basis:25%\"><div class=\"wp-block-image\">\n<figure class=\"aligncenter size-full\"><a href=\"https:\/\/www.slievebloomsnaturereserve.ie\/wp-content\/uploads\/2021\/10\/close-cropped-curlew.jpg\"><img loading=\"lazy\" decoding=\"async\" width=\"1336\" height=\"2046\" src=\"https:\/\/www.slievebloomsnaturereserve.ie\/wp-content\/uploads\/2021\/10\/close-cropped-curlew.jpg\" alt=\"Crotach ina seasamh ar chnoc&#xE1;n f&#xE9;armhar\" class=\"wp-image-1086\" title=\"Crotach\" srcset=\"https:\/\/www.slievebloomsnaturereserve.ie\/wp-content\/uploads\/2021\/10\/close-cropped-curlew.jpg 1336w, https:\/\/www.slievebloomsnaturereserve.ie\/wp-content\/uploads\/2021\/10\/close-cropped-curlew-196x300.jpg 196w, https:\/\/www.slievebloomsnaturereserve.ie\/wp-content\/uploads\/2021\/10\/close-cropped-curlew-669x1024.jpg 669w, https:\/\/www.slievebloomsnaturereserve.ie\/wp-content\/uploads\/2021\/10\/close-cropped-curlew-768x1176.jpg 768w, https:\/\/www.slievebloomsnaturereserve.ie\/wp-content\/uploads\/2021\/10\/close-cropped-curlew-1003x1536.jpg 1003w\" sizes=\"auto, (max-width: 1336px) 100vw, 1336px\" \/><\/a><\/figure>\n<\/div><\/div>\n\n\n\n<div class=\"wp-block-column is-layout-flow wp-block-column-is-layout-flow\" style=\"flex-basis:75%\">\n<p>I measc na speicea \u00e9an eile a fhaightear ann t\u00e1 an meirli\u00fan, an fabhc\u00fan gorm, an fiach dubh, an naoscach, an fhead\u00f3g bhu\u00ed, an pilib\u00edn, an crotach, an clochr\u00e1n agus an lon creige.<\/p>\n\n\n\n<p>I measc na mamach a fhaightear san anaclann t\u00e1 an fia bu\u00ed agus an gabhar fia, an eas\u00f3g, an cat crainn, an broc, an giorria sl\u00e9ibhe \u00c9ireannach, an madra uisce agus an t-iora rua. Faightear froganna, ni\u00fait agus laghairteanna inti chomh maith.<\/p>\n\n\n\n<p>I measc na speiceas feithid\u00ed t\u00e1 leamhain cos\u00fail leis an leamhan sionnaigh agus an leamhan impire. Beatha\u00edonn boilb an d\u00e1 leamhan iad f\u00e9in ar an bhfraoch. T\u00e1 cuntas againn d\u2019fh\u00e9ileac\u00e1in, leith\u00e9id\u00ed an stiallaigh uaine agus an fhritile\u00e1in r\u00e9isc, a bheith feicthe san anaclann chomhmaith. P\u00f3ra\u00edonn an seabhca\u00ed coiteann, speiceas m\u00f3r den tsn\u00e1thaid mh\u00f3r i linnte an phortaigh.<\/p>\n<\/div>\n<\/div>\n\n<div class=\"wp-block-columns is-layout-flex wp-container-core-columns-is-layout-9d6595d7 wp-block-columns-is-layout-flex\">\n<div class=\"wp-block-column is-layout-flow wp-block-column-is-layout-flow\" style=\"flex-basis:75%\">\n<p>Fia bu\u00ed, gabhar fia, eas\u00f3g, cat crainn, broc, giorria, madra uisce agus iora rua.<\/p>\n<\/div>\n\n\n\n<div class=\"wp-block-column is-layout-flow wp-block-column-is-layout-flow\" style=\"flex-basis:25%\"><div class=\"wp-block-image\">\n<figure class=\"aligncenter size-full\"><a href=\"https:\/\/www.slievebloomsnaturereserve.ie\/wp-content\/uploads\/2021\/10\/Badger.jpg\"><img loading=\"lazy\" decoding=\"async\" width=\"1010\" height=\"615\" src=\"https:\/\/www.slievebloomsnaturereserve.ie\/wp-content\/uploads\/2021\/10\/Badger.jpg\" alt=\"Broc gafa ar fh&#xED;se&#xE1;n ag gaiste ceamara\" class=\"wp-image-1087\" srcset=\"https:\/\/www.slievebloomsnaturereserve.ie\/wp-content\/uploads\/2021\/10\/Badger.jpg 1010w, https:\/\/www.slievebloomsnaturereserve.ie\/wp-content\/uploads\/2021\/10\/Badger-300x183.jpg 300w, https:\/\/www.slievebloomsnaturereserve.ie\/wp-content\/uploads\/2021\/10\/Badger-768x468.jpg 768w, https:\/\/www.slievebloomsnaturereserve.ie\/wp-content\/uploads\/2021\/10\/Badger-240x145.jpg 240w\" sizes=\"auto, (max-width: 1010px) 100vw, 1010px\" \/><\/a><\/figure>\n<\/div><\/div>\n<\/div>\n","protected":false},"excerpt":{"rendered":"<p>Dh\u00e1 speiceas comharthach \u00e9an is ea Crom\u00e1n na gCearc agus an Chearc Fhraoigh, agus gn\u00e1th\u00f3g d\u00f3ibh araon is ea Anaclann D\u00falra Shliabh Bladhma. Ar an talamh a dh\u00e9anann an d\u00e1 \u00e9an a nead, ar an mbratphortach agus ar an bhfraochmh\u00e1. T\u00e1 Crom\u00e1n na gCearc ar cheann de na h\u00e9in chreiche is neamhchoitianta in \u00c9irinn, agus&#8230; <\/p>\n","protected":false},"author":9,"featured_media":0,"parent":0,"menu_order":0,"comment_status":"closed","ping_status":"closed","template":"no-sidebar.php","meta":{"footnotes":""},"class_list":["post-1250","page","type-page","status-publish","hentry"],"yoast_head":"<!-- This site is optimized with the Yoast SEO plugin v27.5 - https:\/\/yoast.com\/product\/yoast-seo-wordpress\/ -->\n<title>F\u00e1na - Anaclann D\u00falra Shliabh Bladhma<\/title>\n<meta name=\"robots\" content=\"index, follow, max-snippet:-1, max-image-preview:large, max-video-preview:-1\" \/>\n<link rel=\"canonical\" href=\"https:\/\/www.slievebloomsnaturereserve.ie\/ga\/fana\/\" \/>\n<meta property=\"og:locale\" content=\"ga_IE\" \/>\n<meta property=\"og:type\" content=\"article\" \/>\n<meta property=\"og:title\" content=\"F\u00e1na - Anaclann D\u00falra Shliabh Bladhma\" \/>\n<meta property=\"og:description\" content=\"Dh\u00e1 speiceas comharthach \u00e9an is ea Crom\u00e1n na gCearc agus an Chearc Fhraoigh, agus gn\u00e1th\u00f3g d\u00f3ibh araon is ea Anaclann D\u00falra Shliabh Bladhma. Ar an talamh a dh\u00e9anann an d\u00e1 \u00e9an a nead, ar an mbratphortach agus ar an bhfraochmh\u00e1. T\u00e1 Crom\u00e1n na gCearc ar cheann de na h\u00e9in chreiche is neamhchoitianta in \u00c9irinn, agus...\" \/>\n<meta property=\"og:url\" content=\"https:\/\/www.slievebloomsnaturereserve.ie\/ga\/fana\/\" \/>\n<meta property=\"og:site_name\" content=\"Anaclann D\u00falra Shliabh Bladhma\" \/>\n<meta property=\"article:modified_time\" content=\"2025-01-09T15:08:42+00:00\" \/>\n<meta property=\"og:image\" content=\"https:\/\/www.slievebloomsnaturereserve.ie\/wp-content\/uploads\/2021\/10\/close-cropped-curlew.jpg\" \/>\n\t<meta property=\"og:image:width\" content=\"1336\" \/>\n\t<meta property=\"og:image:height\" content=\"2046\" \/>\n\t<meta property=\"og:image:type\" content=\"image\/jpeg\" \/>\n<meta name=\"twitter:card\" content=\"summary_large_image\" \/>\n<meta name=\"twitter:label1\" content=\"Est. reading time\" \/>\n\t<meta name=\"twitter:data1\" content=\"1 minute\" \/>\n<script type=\"application\/ld+json\" class=\"yoast-schema-graph\">{\"@context\":\"https:\\\/\\\/schema.org\",\"@graph\":[{\"@type\":\"WebPage\",\"@id\":\"https:\\\/\\\/www.slievebloomsnaturereserve.ie\\\/ga\\\/fana\\\/\",\"url\":\"https:\\\/\\\/www.slievebloomsnaturereserve.ie\\\/ga\\\/fana\\\/\",\"name\":\"F\u00e1na - Anaclann D\u00falra Shliabh Bladhma\",\"isPartOf\":{\"@id\":\"https:\\\/\\\/www.slievebloomsnaturereserve.ie\\\/ga\\\/#website\"},\"primaryImageOfPage\":{\"@id\":\"https:\\\/\\\/www.slievebloomsnaturereserve.ie\\\/ga\\\/fana\\\/#primaryimage\"},\"image\":{\"@id\":\"https:\\\/\\\/www.slievebloomsnaturereserve.ie\\\/ga\\\/fana\\\/#primaryimage\"},\"thumbnailUrl\":\"https:\\\/\\\/www.slievebloomsnaturereserve.ie\\\/wp-content\\\/uploads\\\/2021\\\/10\\\/close-cropped-curlew.jpg\",\"datePublished\":\"2021-09-14T11:33:19+00:00\",\"dateModified\":\"2025-01-09T15:08:42+00:00\",\"breadcrumb\":{\"@id\":\"https:\\\/\\\/www.slievebloomsnaturereserve.ie\\\/ga\\\/fana\\\/#breadcrumb\"},\"inLanguage\":\"ga-IE\",\"potentialAction\":[{\"@type\":\"ReadAction\",\"target\":[\"https:\\\/\\\/www.slievebloomsnaturereserve.ie\\\/ga\\\/fana\\\/\"]}]},{\"@type\":\"ImageObject\",\"inLanguage\":\"ga-IE\",\"@id\":\"https:\\\/\\\/www.slievebloomsnaturereserve.ie\\\/ga\\\/fana\\\/#primaryimage\",\"url\":\"https:\\\/\\\/www.slievebloomsnaturereserve.ie\\\/wp-content\\\/uploads\\\/2021\\\/10\\\/close-cropped-curlew.jpg\",\"contentUrl\":\"https:\\\/\\\/www.slievebloomsnaturereserve.ie\\\/wp-content\\\/uploads\\\/2021\\\/10\\\/close-cropped-curlew.jpg\"},{\"@type\":\"BreadcrumbList\",\"@id\":\"https:\\\/\\\/www.slievebloomsnaturereserve.ie\\\/ga\\\/fana\\\/#breadcrumb\",\"itemListElement\":[{\"@type\":\"ListItem\",\"position\":1,\"name\":\"Home\",\"item\":\"https:\\\/\\\/www.slievebloomsnaturereserve.ie\\\/ga\\\/\"},{\"@type\":\"ListItem\",\"position\":2,\"name\":\"F\u00e1na\"}]},{\"@type\":\"WebSite\",\"@id\":\"https:\\\/\\\/www.slievebloomsnaturereserve.ie\\\/ga\\\/#website\",\"url\":\"https:\\\/\\\/www.slievebloomsnaturereserve.ie\\\/ga\\\/\",\"name\":\"Wexford Wildfowl Reserve\",\"description\":\"\",\"publisher\":{\"@id\":\"https:\\\/\\\/www.slievebloomsnaturereserve.ie\\\/ga\\\/#organization\"},\"potentialAction\":[{\"@type\":\"SearchAction\",\"target\":{\"@type\":\"EntryPoint\",\"urlTemplate\":\"https:\\\/\\\/www.slievebloomsnaturereserve.ie\\\/ga\\\/?s={search_term_string}\"},\"query-input\":{\"@type\":\"PropertyValueSpecification\",\"valueRequired\":true,\"valueName\":\"search_term_string\"}}],\"inLanguage\":\"ga-IE\"},{\"@type\":\"Organization\",\"@id\":\"https:\\\/\\\/www.slievebloomsnaturereserve.ie\\\/ga\\\/#organization\",\"name\":\"Wexford Wildfowl Reserve\",\"url\":\"https:\\\/\\\/www.slievebloomsnaturereserve.ie\\\/ga\\\/\",\"logo\":{\"@type\":\"ImageObject\",\"inLanguage\":\"ga-IE\",\"@id\":\"https:\\\/\\\/www.slievebloomsnaturereserve.ie\\\/ga\\\/#\\\/schema\\\/logo\\\/image\\\/\",\"url\":\"https:\\\/\\\/www.wexfordwildfowlreserve.ie\\\/wp-content\\\/uploads\\\/2018\\\/10\\\/WWP-sized.png\",\"contentUrl\":\"https:\\\/\\\/www.wexfordwildfowlreserve.ie\\\/wp-content\\\/uploads\\\/2018\\\/10\\\/WWP-sized.png\",\"width\":404,\"height\":100,\"caption\":\"Wexford Wildfowl Reserve\"},\"image\":{\"@id\":\"https:\\\/\\\/www.slievebloomsnaturereserve.ie\\\/ga\\\/#\\\/schema\\\/logo\\\/image\\\/\"}}]}<\/script>\n<!-- \/ Yoast SEO plugin. -->","yoast_head_json":{"title":"F\u00e1na - Anaclann D\u00falra Shliabh Bladhma","robots":{"index":"index","follow":"follow","max-snippet":"max-snippet:-1","max-image-preview":"max-image-preview:large","max-video-preview":"max-video-preview:-1"},"canonical":"https:\/\/www.slievebloomsnaturereserve.ie\/ga\/fana\/","og_locale":"ga_IE","og_type":"article","og_title":"F\u00e1na - Anaclann D\u00falra Shliabh Bladhma","og_description":"Dh\u00e1 speiceas comharthach \u00e9an is ea Crom\u00e1n na gCearc agus an Chearc Fhraoigh, agus gn\u00e1th\u00f3g d\u00f3ibh araon is ea Anaclann D\u00falra Shliabh Bladhma. Ar an talamh a dh\u00e9anann an d\u00e1 \u00e9an a nead, ar an mbratphortach agus ar an bhfraochmh\u00e1. T\u00e1 Crom\u00e1n na gCearc ar cheann de na h\u00e9in chreiche is neamhchoitianta in \u00c9irinn, agus...","og_url":"https:\/\/www.slievebloomsnaturereserve.ie\/ga\/fana\/","og_site_name":"Anaclann D\u00falra Shliabh Bladhma","article_modified_time":"2025-01-09T15:08:42+00:00","og_image":[{"width":1336,"height":2046,"url":"https:\/\/www.slievebloomsnaturereserve.ie\/wp-content\/uploads\/2021\/10\/close-cropped-curlew.jpg","type":"image\/jpeg"}],"twitter_card":"summary_large_image","twitter_misc":{"Est. reading time":"1 minute"},"schema":{"@context":"https:\/\/schema.org","@graph":[{"@type":"WebPage","@id":"https:\/\/www.slievebloomsnaturereserve.ie\/ga\/fana\/","url":"https:\/\/www.slievebloomsnaturereserve.ie\/ga\/fana\/","name":"F\u00e1na - Anaclann D\u00falra Shliabh Bladhma","isPartOf":{"@id":"https:\/\/www.slievebloomsnaturereserve.ie\/ga\/#website"},"primaryImageOfPage":{"@id":"https:\/\/www.slievebloomsnaturereserve.ie\/ga\/fana\/#primaryimage"},"image":{"@id":"https:\/\/www.slievebloomsnaturereserve.ie\/ga\/fana\/#primaryimage"},"thumbnailUrl":"https:\/\/www.slievebloomsnaturereserve.ie\/wp-content\/uploads\/2021\/10\/close-cropped-curlew.jpg","datePublished":"2021-09-14T11:33:19+00:00","dateModified":"2025-01-09T15:08:42+00:00","breadcrumb":{"@id":"https:\/\/www.slievebloomsnaturereserve.ie\/ga\/fana\/#breadcrumb"},"inLanguage":"ga-IE","potentialAction":[{"@type":"ReadAction","target":["https:\/\/www.slievebloomsnaturereserve.ie\/ga\/fana\/"]}]},{"@type":"ImageObject","inLanguage":"ga-IE","@id":"https:\/\/www.slievebloomsnaturereserve.ie\/ga\/fana\/#primaryimage","url":"https:\/\/www.slievebloomsnaturereserve.ie\/wp-content\/uploads\/2021\/10\/close-cropped-curlew.jpg","contentUrl":"https:\/\/www.slievebloomsnaturereserve.ie\/wp-content\/uploads\/2021\/10\/close-cropped-curlew.jpg"},{"@type":"BreadcrumbList","@id":"https:\/\/www.slievebloomsnaturereserve.ie\/ga\/fana\/#breadcrumb","itemListElement":[{"@type":"ListItem","position":1,"name":"Home","item":"https:\/\/www.slievebloomsnaturereserve.ie\/ga\/"},{"@type":"ListItem","position":2,"name":"F\u00e1na"}]},{"@type":"WebSite","@id":"https:\/\/www.slievebloomsnaturereserve.ie\/ga\/#website","url":"https:\/\/www.slievebloomsnaturereserve.ie\/ga\/","name":"Wexford Wildfowl Reserve","description":"","publisher":{"@id":"https:\/\/www.slievebloomsnaturereserve.ie\/ga\/#organization"},"potentialAction":[{"@type":"SearchAction","target":{"@type":"EntryPoint","urlTemplate":"https:\/\/www.slievebloomsnaturereserve.ie\/ga\/?s={search_term_string}"},"query-input":{"@type":"PropertyValueSpecification","valueRequired":true,"valueName":"search_term_string"}}],"inLanguage":"ga-IE"},{"@type":"Organization","@id":"https:\/\/www.slievebloomsnaturereserve.ie\/ga\/#organization","name":"Wexford Wildfowl Reserve","url":"https:\/\/www.slievebloomsnaturereserve.ie\/ga\/","logo":{"@type":"ImageObject","inLanguage":"ga-IE","@id":"https:\/\/www.slievebloomsnaturereserve.ie\/ga\/#\/schema\/logo\/image\/","url":"https:\/\/www.wexfordwildfowlreserve.ie\/wp-content\/uploads\/2018\/10\/WWP-sized.png","contentUrl":"https:\/\/www.wexfordwildfowlreserve.ie\/wp-content\/uploads\/2018\/10\/WWP-sized.png","width":404,"height":100,"caption":"Wexford Wildfowl Reserve"},"image":{"@id":"https:\/\/www.slievebloomsnaturereserve.ie\/ga\/#\/schema\/logo\/image\/"}}]}},"jetpack_sharing_enabled":true,"_links":{"self":[{"href":"https:\/\/www.slievebloomsnaturereserve.ie\/ga\/wp-json\/wp\/v2\/pages\/1250","targetHints":{"allow":["GET"]}}],"collection":[{"href":"https:\/\/www.slievebloomsnaturereserve.ie\/ga\/wp-json\/wp\/v2\/pages"}],"about":[{"href":"https:\/\/www.slievebloomsnaturereserve.ie\/ga\/wp-json\/wp\/v2\/types\/page"}],"author":[{"embeddable":true,"href":"https:\/\/www.slievebloomsnaturereserve.ie\/ga\/wp-json\/wp\/v2\/users\/9"}],"replies":[{"embeddable":true,"href":"https:\/\/www.slievebloomsnaturereserve.ie\/ga\/wp-json\/wp\/v2\/comments?post=1250"}],"version-history":[{"count":4,"href":"https:\/\/www.slievebloomsnaturereserve.ie\/ga\/wp-json\/wp\/v2\/pages\/1250\/revisions"}],"predecessor-version":[{"id":1340,"href":"https:\/\/www.slievebloomsnaturereserve.ie\/ga\/wp-json\/wp\/v2\/pages\/1250\/revisions\/1340"}],"wp:attachment":[{"href":"https:\/\/www.slievebloomsnaturereserve.ie\/ga\/wp-json\/wp\/v2\/media?parent=1250"}],"curies":[{"name":"wp","href":"https:\/\/api.w.org\/{rel}","templated":true}]}}