{"id":1251,"date":"2021-09-06T10:49:08","date_gmt":"2021-09-06T10:49:08","guid":{"rendered":"https:\/\/www.slievebloomsnaturereserve.ie\/teigh-ar-cuairt\/"},"modified":"2023-10-03T08:32:47","modified_gmt":"2023-10-03T08:32:47","slug":"teigh-ar-cuairt","status":"publish","type":"page","link":"https:\/\/www.slievebloomsnaturereserve.ie\/ga\/teigh-ar-cuairt\/","title":{"rendered":"T\u00e9igh ar cuairt"},"content":{"rendered":"\n<p class=\"has-text-align-left\">Is ceantar uath\u00fail \u00e9 Anaclann D\u00falra Shliabh Bladhma at\u00e1 suite i gcro\u00edl\u00e1r na t\u00edre. Is tearmann don fhiadh\u00falra \u00e9 an Anaclann D\u00falra agus d\u00e9antar \u00e9 a bhainisti\u00fa don d\u00falra; an ghn\u00e1th\u00f3g, agus na speicis a bh\u00edonn ag brath uirthi le go mairfidh siad. Is timpeallacht \u00edogair \u00e9 mar sin, go h\u00e1irithe d\u2019\u00e9in neadaithe ar an talamh ar f\u00e9idir iad a dh\u00edspreagadh \u00f3 nead\u00fa agus \u00e1l a chruth\u00fa m\u00e1 chuirtear isteach orthu.<br\/>\nC\u00e9 go bhf\u00e1ilt\u00edtear roimh chuairteoir\u00ed, iarraimid ort an t-eolas maidir le rochtain a l\u00e9amh le do thoil agus gan tada a fh\u00e1g\u00e1il i do dhiaidh, agus b\u00edodh a fhios agat c\u00e1 h\u00e1it a gceada\u00edtear a bheith ag si\u00fal ar an tearmann.<\/p>\n","protected":false},"excerpt":{"rendered":"<p>Is ceantar uath\u00fail \u00e9 Anaclann D\u00falra Shliabh Bladhma at\u00e1 suite i gcro\u00edl\u00e1r na t\u00edre. Is tearmann don fhiadh\u00falra \u00e9 an Anaclann D\u00falra agus d\u00e9antar \u00e9 a bhainisti\u00fa don d\u00falra; an ghn\u00e1th\u00f3g, agus na speicis a bh\u00edonn ag brath uirthi le go mairfidh siad. Is timpeallacht \u00edogair \u00e9 mar sin, go h\u00e1irithe d\u2019\u00e9in neadaithe ar an&#8230; <\/p>\n","protected":false},"author":9,"featured_media":0,"parent":0,"menu_order":0,"comment_status":"closed","ping_status":"closed","template":"no-sidebar.php","meta":{"footnotes":""},"class_list":["post-1251","page","type-page","status-publish","hentry"],"yoast_head":"<!-- This site is optimized with the Yoast SEO plugin v27.5 - https:\/\/yoast.com\/product\/yoast-seo-wordpress\/ -->\n<title>T\u00e9igh ar cuairt - Anaclann D\u00falra Shliabh Bladhma<\/title>\n<meta name=\"robots\" content=\"index, follow, max-snippet:-1, max-image-preview:large, max-video-preview:-1\" \/>\n<link rel=\"canonical\" href=\"https:\/\/www.slievebloomsnaturereserve.ie\/ga\/teigh-ar-cuairt\/\" \/>\n<meta property=\"og:locale\" content=\"ga_IE\" \/>\n<meta property=\"og:type\" content=\"article\" \/>\n<meta property=\"og:title\" content=\"T\u00e9igh ar cuairt - Anaclann D\u00falra Shliabh Bladhma\" \/>\n<meta property=\"og:description\" content=\"Is ceantar uath\u00fail \u00e9 Anaclann D\u00falra Shliabh Bladhma at\u00e1 suite i gcro\u00edl\u00e1r na t\u00edre. Is tearmann don fhiadh\u00falra \u00e9 an Anaclann D\u00falra agus d\u00e9antar \u00e9 a bhainisti\u00fa don d\u00falra; an ghn\u00e1th\u00f3g, agus na speicis a bh\u00edonn ag brath uirthi le go mairfidh siad. Is timpeallacht \u00edogair \u00e9 mar sin, go h\u00e1irithe d\u2019\u00e9in neadaithe ar an...\" \/>\n<meta property=\"og:url\" content=\"https:\/\/www.slievebloomsnaturereserve.ie\/ga\/teigh-ar-cuairt\/\" \/>\n<meta property=\"og:site_name\" content=\"Anaclann D\u00falra Shliabh Bladhma\" \/>\n<meta property=\"article:modified_time\" content=\"2023-10-03T08:32:47+00:00\" \/>\n<meta name=\"twitter:card\" content=\"summary_large_image\" \/>\n<meta name=\"twitter:label1\" content=\"Est. reading time\" \/>\n\t<meta name=\"twitter:data1\" content=\"1 minute\" \/>\n<script type=\"application\/ld+json\" class=\"yoast-schema-graph\">{\"@context\":\"https:\\\/\\\/schema.org\",\"@graph\":[{\"@type\":\"WebPage\",\"@id\":\"https:\\\/\\\/www.slievebloomsnaturereserve.ie\\\/ga\\\/teigh-ar-cuairt\\\/\",\"url\":\"https:\\\/\\\/www.slievebloomsnaturereserve.ie\\\/ga\\\/teigh-ar-cuairt\\\/\",\"name\":\"T\u00e9igh ar cuairt - Anaclann D\u00falra Shliabh Bladhma\",\"isPartOf\":{\"@id\":\"https:\\\/\\\/www.slievebloomsnaturereserve.ie\\\/ga\\\/#website\"},\"datePublished\":\"2021-09-06T10:49:08+00:00\",\"dateModified\":\"2023-10-03T08:32:47+00:00\",\"breadcrumb\":{\"@id\":\"https:\\\/\\\/www.slievebloomsnaturereserve.ie\\\/ga\\\/teigh-ar-cuairt\\\/#breadcrumb\"},\"inLanguage\":\"ga-IE\",\"potentialAction\":[{\"@type\":\"ReadAction\",\"target\":[\"https:\\\/\\\/www.slievebloomsnaturereserve.ie\\\/ga\\\/teigh-ar-cuairt\\\/\"]}]},{\"@type\":\"BreadcrumbList\",\"@id\":\"https:\\\/\\\/www.slievebloomsnaturereserve.ie\\\/ga\\\/teigh-ar-cuairt\\\/#breadcrumb\",\"itemListElement\":[{\"@type\":\"ListItem\",\"position\":1,\"name\":\"Home\",\"item\":\"https:\\\/\\\/www.slievebloomsnaturereserve.ie\\\/ga\\\/\"},{\"@type\":\"ListItem\",\"position\":2,\"name\":\"T\u00e9igh ar cuairt\"}]},{\"@type\":\"WebSite\",\"@id\":\"https:\\\/\\\/www.slievebloomsnaturereserve.ie\\\/ga\\\/#website\",\"url\":\"https:\\\/\\\/www.slievebloomsnaturereserve.ie\\\/ga\\\/\",\"name\":\"Wexford Wildfowl Reserve\",\"description\":\"\",\"publisher\":{\"@id\":\"https:\\\/\\\/www.slievebloomsnaturereserve.ie\\\/ga\\\/#organization\"},\"potentialAction\":[{\"@type\":\"SearchAction\",\"target\":{\"@type\":\"EntryPoint\",\"urlTemplate\":\"https:\\\/\\\/www.slievebloomsnaturereserve.ie\\\/ga\\\/?s={search_term_string}\"},\"query-input\":{\"@type\":\"PropertyValueSpecification\",\"valueRequired\":true,\"valueName\":\"search_term_string\"}}],\"inLanguage\":\"ga-IE\"},{\"@type\":\"Organization\",\"@id\":\"https:\\\/\\\/www.slievebloomsnaturereserve.ie\\\/ga\\\/#organization\",\"name\":\"Wexford Wildfowl Reserve\",\"url\":\"https:\\\/\\\/www.slievebloomsnaturereserve.ie\\\/ga\\\/\",\"logo\":{\"@type\":\"ImageObject\",\"inLanguage\":\"ga-IE\",\"@id\":\"https:\\\/\\\/www.slievebloomsnaturereserve.ie\\\/ga\\\/#\\\/schema\\\/logo\\\/image\\\/\",\"url\":\"https:\\\/\\\/www.wexfordwildfowlreserve.ie\\\/wp-content\\\/uploads\\\/2018\\\/10\\\/WWP-sized.png\",\"contentUrl\":\"https:\\\/\\\/www.wexfordwildfowlreserve.ie\\\/wp-content\\\/uploads\\\/2018\\\/10\\\/WWP-sized.png\",\"width\":404,\"height\":100,\"caption\":\"Wexford Wildfowl Reserve\"},\"image\":{\"@id\":\"https:\\\/\\\/www.slievebloomsnaturereserve.ie\\\/ga\\\/#\\\/schema\\\/logo\\\/image\\\/\"}}]}<\/script>\n<!-- \/ Yoast SEO plugin. -->","yoast_head_json":{"title":"T\u00e9igh ar cuairt - Anaclann D\u00falra Shliabh Bladhma","robots":{"index":"index","follow":"follow","max-snippet":"max-snippet:-1","max-image-preview":"max-image-preview:large","max-video-preview":"max-video-preview:-1"},"canonical":"https:\/\/www.slievebloomsnaturereserve.ie\/ga\/teigh-ar-cuairt\/","og_locale":"ga_IE","og_type":"article","og_title":"T\u00e9igh ar cuairt - Anaclann D\u00falra Shliabh Bladhma","og_description":"Is ceantar uath\u00fail \u00e9 Anaclann D\u00falra Shliabh Bladhma at\u00e1 suite i gcro\u00edl\u00e1r na t\u00edre. Is tearmann don fhiadh\u00falra \u00e9 an Anaclann D\u00falra agus d\u00e9antar \u00e9 a bhainisti\u00fa don d\u00falra; an ghn\u00e1th\u00f3g, agus na speicis a bh\u00edonn ag brath uirthi le go mairfidh siad. Is timpeallacht \u00edogair \u00e9 mar sin, go h\u00e1irithe d\u2019\u00e9in neadaithe ar an...","og_url":"https:\/\/www.slievebloomsnaturereserve.ie\/ga\/teigh-ar-cuairt\/","og_site_name":"Anaclann D\u00falra Shliabh Bladhma","article_modified_time":"2023-10-03T08:32:47+00:00","twitter_card":"summary_large_image","twitter_misc":{"Est. reading time":"1 minute"},"schema":{"@context":"https:\/\/schema.org","@graph":[{"@type":"WebPage","@id":"https:\/\/www.slievebloomsnaturereserve.ie\/ga\/teigh-ar-cuairt\/","url":"https:\/\/www.slievebloomsnaturereserve.ie\/ga\/teigh-ar-cuairt\/","name":"T\u00e9igh ar cuairt - Anaclann D\u00falra Shliabh Bladhma","isPartOf":{"@id":"https:\/\/www.slievebloomsnaturereserve.ie\/ga\/#website"},"datePublished":"2021-09-06T10:49:08+00:00","dateModified":"2023-10-03T08:32:47+00:00","breadcrumb":{"@id":"https:\/\/www.slievebloomsnaturereserve.ie\/ga\/teigh-ar-cuairt\/#breadcrumb"},"inLanguage":"ga-IE","potentialAction":[{"@type":"ReadAction","target":["https:\/\/www.slievebloomsnaturereserve.ie\/ga\/teigh-ar-cuairt\/"]}]},{"@type":"BreadcrumbList","@id":"https:\/\/www.slievebloomsnaturereserve.ie\/ga\/teigh-ar-cuairt\/#breadcrumb","itemListElement":[{"@type":"ListItem","position":1,"name":"Home","item":"https:\/\/www.slievebloomsnaturereserve.ie\/ga\/"},{"@type":"ListItem","position":2,"name":"T\u00e9igh ar cuairt"}]},{"@type":"WebSite","@id":"https:\/\/www.slievebloomsnaturereserve.ie\/ga\/#website","url":"https:\/\/www.slievebloomsnaturereserve.ie\/ga\/","name":"Wexford Wildfowl Reserve","description":"","publisher":{"@id":"https:\/\/www.slievebloomsnaturereserve.ie\/ga\/#organization"},"potentialAction":[{"@type":"SearchAction","target":{"@type":"EntryPoint","urlTemplate":"https:\/\/www.slievebloomsnaturereserve.ie\/ga\/?s={search_term_string}"},"query-input":{"@type":"PropertyValueSpecification","valueRequired":true,"valueName":"search_term_string"}}],"inLanguage":"ga-IE"},{"@type":"Organization","@id":"https:\/\/www.slievebloomsnaturereserve.ie\/ga\/#organization","name":"Wexford Wildfowl Reserve","url":"https:\/\/www.slievebloomsnaturereserve.ie\/ga\/","logo":{"@type":"ImageObject","inLanguage":"ga-IE","@id":"https:\/\/www.slievebloomsnaturereserve.ie\/ga\/#\/schema\/logo\/image\/","url":"https:\/\/www.wexfordwildfowlreserve.ie\/wp-content\/uploads\/2018\/10\/WWP-sized.png","contentUrl":"https:\/\/www.wexfordwildfowlreserve.ie\/wp-content\/uploads\/2018\/10\/WWP-sized.png","width":404,"height":100,"caption":"Wexford Wildfowl Reserve"},"image":{"@id":"https:\/\/www.slievebloomsnaturereserve.ie\/ga\/#\/schema\/logo\/image\/"}}]}},"jetpack_sharing_enabled":true,"_links":{"self":[{"href":"https:\/\/www.slievebloomsnaturereserve.ie\/ga\/wp-json\/wp\/v2\/pages\/1251","targetHints":{"allow":["GET"]}}],"collection":[{"href":"https:\/\/www.slievebloomsnaturereserve.ie\/ga\/wp-json\/wp\/v2\/pages"}],"about":[{"href":"https:\/\/www.slievebloomsnaturereserve.ie\/ga\/wp-json\/wp\/v2\/types\/page"}],"author":[{"embeddable":true,"href":"https:\/\/www.slievebloomsnaturereserve.ie\/ga\/wp-json\/wp\/v2\/users\/9"}],"replies":[{"embeddable":true,"href":"https:\/\/www.slievebloomsnaturereserve.ie\/ga\/wp-json\/wp\/v2\/comments?post=1251"}],"version-history":[{"count":2,"href":"https:\/\/www.slievebloomsnaturereserve.ie\/ga\/wp-json\/wp\/v2\/pages\/1251\/revisions"}],"predecessor-version":[{"id":1368,"href":"https:\/\/www.slievebloomsnaturereserve.ie\/ga\/wp-json\/wp\/v2\/pages\/1251\/revisions\/1368"}],"wp:attachment":[{"href":"https:\/\/www.slievebloomsnaturereserve.ie\/ga\/wp-json\/wp\/v2\/media?parent=1251"}],"curies":[{"name":"wp","href":"https:\/\/api.w.org\/{rel}","templated":true}]}}