{"id":1252,"date":"2021-09-14T11:31:21","date_gmt":"2021-09-14T11:31:21","guid":{"rendered":"https:\/\/www.slievebloomsnaturereserve.ie\/rochtain\/"},"modified":"2023-10-03T08:25:43","modified_gmt":"2023-10-03T08:25:43","slug":"rochtain","status":"publish","type":"page","link":"https:\/\/www.slievebloomsnaturereserve.ie\/ga\/rochtain\/","title":{"rendered":"Rochtain"},"content":{"rendered":"\n<p class=\"has-text-align-left\">Mar gheall ar an t\u00edr-raon ardtal\u00fan, t\u00e1 rochtain ar an Anaclann D\u00falra teoranta, ach t\u00e1 roinnt l\u00e1ithreach amhairc ar fud na h\u00e1ite. T\u00e1 siad seo lonnaithe ag;<\/p>\n\n<ul class=\"wp-block-list\">\n<li>Gaiste na Mac T\u00edre<\/li>\n\n\n\n<li>An Gearr (Theas)<\/li>\n\n\n\n<li>Droim na Ceapa\u00ed Airde<\/li>\n\n\n\n<li>Ard \u00c9ireann<\/li>\n<\/ul>\n\n<p>T\u00e1 radharcanna iontacha ar Shliabh Bladhma, trasna na ngleannta agus ar an mbratphortach oscailte sna carrchl\u00f3is agus \u00e1iteanna \u00e9ags\u00fala \u2018tarraingt isteach\u2019.<\/p>\n\n<p><a href=\"https:\/\/www.slievebloomsnaturereserve.ie\/ga\/siuloidi\/?preview=true\" target=\"_blank\" rel=\"noopener\">Chun eolas a fh\u00e1il ar chonair\u00ed si\u00fail laistigh den Anaclann D\u00falra lean an nasc seo<\/a><\/p>\n","protected":false},"excerpt":{"rendered":"<p>Mar gheall ar an t\u00edr-raon ardtal\u00fan, t\u00e1 rochtain ar an Anaclann D\u00falra teoranta, ach t\u00e1 roinnt l\u00e1ithreach amhairc ar fud na h\u00e1ite. T\u00e1 siad seo lonnaithe ag; T\u00e1 radharcanna iontacha ar Shliabh Bladhma, trasna na ngleannta agus ar an mbratphortach oscailte sna carrchl\u00f3is agus \u00e1iteanna \u00e9ags\u00fala \u2018tarraingt isteach\u2019. Chun eolas a fh\u00e1il ar chonair\u00ed si\u00fail&#8230; <\/p>\n","protected":false},"author":9,"featured_media":0,"parent":0,"menu_order":0,"comment_status":"closed","ping_status":"closed","template":"no-sidebar.php","meta":{"footnotes":""},"class_list":["post-1252","page","type-page","status-publish","hentry"],"yoast_head":"<!-- This site is optimized with the Yoast SEO plugin v27.5 - https:\/\/yoast.com\/product\/yoast-seo-wordpress\/ -->\n<title>Rochtain - Anaclann D\u00falra Shliabh Bladhma<\/title>\n<meta name=\"robots\" content=\"index, follow, max-snippet:-1, max-image-preview:large, max-video-preview:-1\" \/>\n<link rel=\"canonical\" href=\"https:\/\/www.slievebloomsnaturereserve.ie\/ga\/rochtain\/\" \/>\n<meta property=\"og:locale\" content=\"ga_IE\" \/>\n<meta property=\"og:type\" content=\"article\" \/>\n<meta property=\"og:title\" content=\"Rochtain - Anaclann D\u00falra Shliabh Bladhma\" \/>\n<meta property=\"og:description\" content=\"Mar gheall ar an t\u00edr-raon ardtal\u00fan, t\u00e1 rochtain ar an Anaclann D\u00falra teoranta, ach t\u00e1 roinnt l\u00e1ithreach amhairc ar fud na h\u00e1ite. T\u00e1 siad seo lonnaithe ag; T\u00e1 radharcanna iontacha ar Shliabh Bladhma, trasna na ngleannta agus ar an mbratphortach oscailte sna carrchl\u00f3is agus \u00e1iteanna \u00e9ags\u00fala \u2018tarraingt isteach\u2019. Chun eolas a fh\u00e1il ar chonair\u00ed si\u00fail...\" \/>\n<meta property=\"og:url\" content=\"https:\/\/www.slievebloomsnaturereserve.ie\/ga\/rochtain\/\" \/>\n<meta property=\"og:site_name\" content=\"Anaclann D\u00falra Shliabh Bladhma\" \/>\n<meta property=\"article:modified_time\" content=\"2023-10-03T08:25:43+00:00\" \/>\n<meta name=\"twitter:card\" content=\"summary_large_image\" \/>\n<script type=\"application\/ld+json\" class=\"yoast-schema-graph\">{\"@context\":\"https:\\\/\\\/schema.org\",\"@graph\":[{\"@type\":\"WebPage\",\"@id\":\"https:\\\/\\\/www.slievebloomsnaturereserve.ie\\\/ga\\\/rochtain\\\/\",\"url\":\"https:\\\/\\\/www.slievebloomsnaturereserve.ie\\\/ga\\\/rochtain\\\/\",\"name\":\"Rochtain - Anaclann D\u00falra Shliabh Bladhma\",\"isPartOf\":{\"@id\":\"https:\\\/\\\/www.slievebloomsnaturereserve.ie\\\/ga\\\/#website\"},\"datePublished\":\"2021-09-14T11:31:21+00:00\",\"dateModified\":\"2023-10-03T08:25:43+00:00\",\"breadcrumb\":{\"@id\":\"https:\\\/\\\/www.slievebloomsnaturereserve.ie\\\/ga\\\/rochtain\\\/#breadcrumb\"},\"inLanguage\":\"ga-IE\",\"potentialAction\":[{\"@type\":\"ReadAction\",\"target\":[\"https:\\\/\\\/www.slievebloomsnaturereserve.ie\\\/ga\\\/rochtain\\\/\"]}]},{\"@type\":\"BreadcrumbList\",\"@id\":\"https:\\\/\\\/www.slievebloomsnaturereserve.ie\\\/ga\\\/rochtain\\\/#breadcrumb\",\"itemListElement\":[{\"@type\":\"ListItem\",\"position\":1,\"name\":\"Home\",\"item\":\"https:\\\/\\\/www.slievebloomsnaturereserve.ie\\\/ga\\\/\"},{\"@type\":\"ListItem\",\"position\":2,\"name\":\"Rochtain\"}]},{\"@type\":\"WebSite\",\"@id\":\"https:\\\/\\\/www.slievebloomsnaturereserve.ie\\\/ga\\\/#website\",\"url\":\"https:\\\/\\\/www.slievebloomsnaturereserve.ie\\\/ga\\\/\",\"name\":\"Wexford Wildfowl Reserve\",\"description\":\"\",\"publisher\":{\"@id\":\"https:\\\/\\\/www.slievebloomsnaturereserve.ie\\\/ga\\\/#organization\"},\"potentialAction\":[{\"@type\":\"SearchAction\",\"target\":{\"@type\":\"EntryPoint\",\"urlTemplate\":\"https:\\\/\\\/www.slievebloomsnaturereserve.ie\\\/ga\\\/?s={search_term_string}\"},\"query-input\":{\"@type\":\"PropertyValueSpecification\",\"valueRequired\":true,\"valueName\":\"search_term_string\"}}],\"inLanguage\":\"ga-IE\"},{\"@type\":\"Organization\",\"@id\":\"https:\\\/\\\/www.slievebloomsnaturereserve.ie\\\/ga\\\/#organization\",\"name\":\"Wexford Wildfowl Reserve\",\"url\":\"https:\\\/\\\/www.slievebloomsnaturereserve.ie\\\/ga\\\/\",\"logo\":{\"@type\":\"ImageObject\",\"inLanguage\":\"ga-IE\",\"@id\":\"https:\\\/\\\/www.slievebloomsnaturereserve.ie\\\/ga\\\/#\\\/schema\\\/logo\\\/image\\\/\",\"url\":\"https:\\\/\\\/www.wexfordwildfowlreserve.ie\\\/wp-content\\\/uploads\\\/2018\\\/10\\\/WWP-sized.png\",\"contentUrl\":\"https:\\\/\\\/www.wexfordwildfowlreserve.ie\\\/wp-content\\\/uploads\\\/2018\\\/10\\\/WWP-sized.png\",\"width\":404,\"height\":100,\"caption\":\"Wexford Wildfowl Reserve\"},\"image\":{\"@id\":\"https:\\\/\\\/www.slievebloomsnaturereserve.ie\\\/ga\\\/#\\\/schema\\\/logo\\\/image\\\/\"}}]}<\/script>\n<!-- \/ Yoast SEO plugin. -->","yoast_head_json":{"title":"Rochtain - Anaclann D\u00falra Shliabh Bladhma","robots":{"index":"index","follow":"follow","max-snippet":"max-snippet:-1","max-image-preview":"max-image-preview:large","max-video-preview":"max-video-preview:-1"},"canonical":"https:\/\/www.slievebloomsnaturereserve.ie\/ga\/rochtain\/","og_locale":"ga_IE","og_type":"article","og_title":"Rochtain - Anaclann D\u00falra Shliabh Bladhma","og_description":"Mar gheall ar an t\u00edr-raon ardtal\u00fan, t\u00e1 rochtain ar an Anaclann D\u00falra teoranta, ach t\u00e1 roinnt l\u00e1ithreach amhairc ar fud na h\u00e1ite. T\u00e1 siad seo lonnaithe ag; T\u00e1 radharcanna iontacha ar Shliabh Bladhma, trasna na ngleannta agus ar an mbratphortach oscailte sna carrchl\u00f3is agus \u00e1iteanna \u00e9ags\u00fala \u2018tarraingt isteach\u2019. Chun eolas a fh\u00e1il ar chonair\u00ed si\u00fail...","og_url":"https:\/\/www.slievebloomsnaturereserve.ie\/ga\/rochtain\/","og_site_name":"Anaclann D\u00falra Shliabh Bladhma","article_modified_time":"2023-10-03T08:25:43+00:00","twitter_card":"summary_large_image","schema":{"@context":"https:\/\/schema.org","@graph":[{"@type":"WebPage","@id":"https:\/\/www.slievebloomsnaturereserve.ie\/ga\/rochtain\/","url":"https:\/\/www.slievebloomsnaturereserve.ie\/ga\/rochtain\/","name":"Rochtain - Anaclann D\u00falra Shliabh Bladhma","isPartOf":{"@id":"https:\/\/www.slievebloomsnaturereserve.ie\/ga\/#website"},"datePublished":"2021-09-14T11:31:21+00:00","dateModified":"2023-10-03T08:25:43+00:00","breadcrumb":{"@id":"https:\/\/www.slievebloomsnaturereserve.ie\/ga\/rochtain\/#breadcrumb"},"inLanguage":"ga-IE","potentialAction":[{"@type":"ReadAction","target":["https:\/\/www.slievebloomsnaturereserve.ie\/ga\/rochtain\/"]}]},{"@type":"BreadcrumbList","@id":"https:\/\/www.slievebloomsnaturereserve.ie\/ga\/rochtain\/#breadcrumb","itemListElement":[{"@type":"ListItem","position":1,"name":"Home","item":"https:\/\/www.slievebloomsnaturereserve.ie\/ga\/"},{"@type":"ListItem","position":2,"name":"Rochtain"}]},{"@type":"WebSite","@id":"https:\/\/www.slievebloomsnaturereserve.ie\/ga\/#website","url":"https:\/\/www.slievebloomsnaturereserve.ie\/ga\/","name":"Wexford Wildfowl Reserve","description":"","publisher":{"@id":"https:\/\/www.slievebloomsnaturereserve.ie\/ga\/#organization"},"potentialAction":[{"@type":"SearchAction","target":{"@type":"EntryPoint","urlTemplate":"https:\/\/www.slievebloomsnaturereserve.ie\/ga\/?s={search_term_string}"},"query-input":{"@type":"PropertyValueSpecification","valueRequired":true,"valueName":"search_term_string"}}],"inLanguage":"ga-IE"},{"@type":"Organization","@id":"https:\/\/www.slievebloomsnaturereserve.ie\/ga\/#organization","name":"Wexford Wildfowl Reserve","url":"https:\/\/www.slievebloomsnaturereserve.ie\/ga\/","logo":{"@type":"ImageObject","inLanguage":"ga-IE","@id":"https:\/\/www.slievebloomsnaturereserve.ie\/ga\/#\/schema\/logo\/image\/","url":"https:\/\/www.wexfordwildfowlreserve.ie\/wp-content\/uploads\/2018\/10\/WWP-sized.png","contentUrl":"https:\/\/www.wexfordwildfowlreserve.ie\/wp-content\/uploads\/2018\/10\/WWP-sized.png","width":404,"height":100,"caption":"Wexford Wildfowl Reserve"},"image":{"@id":"https:\/\/www.slievebloomsnaturereserve.ie\/ga\/#\/schema\/logo\/image\/"}}]}},"jetpack_sharing_enabled":true,"_links":{"self":[{"href":"https:\/\/www.slievebloomsnaturereserve.ie\/ga\/wp-json\/wp\/v2\/pages\/1252","targetHints":{"allow":["GET"]}}],"collection":[{"href":"https:\/\/www.slievebloomsnaturereserve.ie\/ga\/wp-json\/wp\/v2\/pages"}],"about":[{"href":"https:\/\/www.slievebloomsnaturereserve.ie\/ga\/wp-json\/wp\/v2\/types\/page"}],"author":[{"embeddable":true,"href":"https:\/\/www.slievebloomsnaturereserve.ie\/ga\/wp-json\/wp\/v2\/users\/9"}],"replies":[{"embeddable":true,"href":"https:\/\/www.slievebloomsnaturereserve.ie\/ga\/wp-json\/wp\/v2\/comments?post=1252"}],"version-history":[{"count":4,"href":"https:\/\/www.slievebloomsnaturereserve.ie\/ga\/wp-json\/wp\/v2\/pages\/1252\/revisions"}],"predecessor-version":[{"id":1332,"href":"https:\/\/www.slievebloomsnaturereserve.ie\/ga\/wp-json\/wp\/v2\/pages\/1252\/revisions\/1332"}],"wp:attachment":[{"href":"https:\/\/www.slievebloomsnaturereserve.ie\/ga\/wp-json\/wp\/v2\/media?parent=1252"}],"curies":[{"name":"wp","href":"https:\/\/api.w.org\/{rel}","templated":true}]}}