{"id":1253,"date":"2021-09-14T11:32:32","date_gmt":"2021-09-14T11:32:32","guid":{"rendered":"https:\/\/www.slievebloomsnaturereserve.ie\/teigh-ar-cuairt\/na-fag-lorg\/"},"modified":"2023-10-03T08:33:01","modified_gmt":"2023-10-03T08:33:01","slug":"na-fag-lorg","status":"publish","type":"page","link":"https:\/\/www.slievebloomsnaturereserve.ie\/ga\/teigh-ar-cuairt\/na-fag-lorg\/","title":{"rendered":"N\u00e1 F\u00e1g Lorg"},"content":{"rendered":"<div class=\"wp-block-image\">\n<figure class=\"aligncenter\"><img loading=\"lazy\" decoding=\"async\" width=\"295\" height=\"140\" src=\"https:\/\/www.slievebloomsnaturereserve.ie\/wp-content\/uploads\/2021\/09\/leave-no-trace-logo.png\" alt=\"N&#xE1; F&#xE1;g Lorg\" class=\"wp-image-979\"\/><\/figure>\n<\/div>\n<p class=\"has-text-align-left\">Is cl\u00e1r eitice faoin aer \u00e9 N\u00e1 F\u00e1g Lorg a fhaigheann taca\u00edocht \u00f3n tSeirbh\u00eds P\u00e1irceanna N\u00e1isi\u00fanta agus Fiadh\u00falra, agus at\u00e1 deartha chun caitheamh aimsire freagrach lasmuigh a chur chun cinn agus a spreagadh.<\/p>\n\n<p>Is iad seo a leanas na prionsabail a bhaineann le N\u00e1 F\u00e1g Lorg<\/p>\n\n<ol class=\"wp-block-list\">\n<li>Plean\u00e1il romhat agus b\u00ed ullamh<\/li>\n\n\n\n<li>B\u00ed tuisceanach do dhaoine eile<\/li>\n\n\n\n<li>B\u00edodh meas agat ar ainmhithe feirme agus ar fhiadh\u00falra<\/li>\n\n\n\n<li>D\u00e9an taisteal agus camp\u00e1il ar dhromchla\u00ed buana<\/li>\n\n\n\n<li>F\u00e1g ruda\u00ed mar a fhaigheann t\u00fa iad<\/li>\n\n\n\n<li>D\u00e9an dramha\u00edl a dhi\u00fascairt i gceart<\/li>\n\n\n\n<li>D\u00e9an \u00e9ifeachta\u00ed tine a \u00edoslaghd\u00fa<\/li>\n<\/ol>\n","protected":false},"excerpt":{"rendered":"<p>Is cl\u00e1r eitice faoin aer \u00e9 N\u00e1 F\u00e1g Lorg a fhaigheann taca\u00edocht \u00f3n tSeirbh\u00eds P\u00e1irceanna N\u00e1isi\u00fanta agus Fiadh\u00falra, agus at\u00e1 deartha chun caitheamh aimsire freagrach lasmuigh a chur chun cinn agus a spreagadh. Is iad seo a leanas na prionsabail a bhaineann le N\u00e1 F\u00e1g Lorg<\/p>\n","protected":false},"author":9,"featured_media":0,"parent":1251,"menu_order":0,"comment_status":"closed","ping_status":"closed","template":"no-sidebar.php","meta":{"footnotes":""},"class_list":["post-1253","page","type-page","status-publish","hentry"],"yoast_head":"<!-- This site is optimized with the Yoast SEO plugin v27.5 - https:\/\/yoast.com\/product\/yoast-seo-wordpress\/ -->\n<title>N\u00e1 F\u00e1g Lorg - Anaclann D\u00falra Shliabh Bladhma<\/title>\n<meta name=\"robots\" content=\"index, follow, max-snippet:-1, max-image-preview:large, max-video-preview:-1\" \/>\n<link rel=\"canonical\" href=\"https:\/\/www.slievebloomsnaturereserve.ie\/ga\/teigh-ar-cuairt\/na-fag-lorg\/\" \/>\n<meta property=\"og:locale\" content=\"ga_IE\" \/>\n<meta property=\"og:type\" content=\"article\" \/>\n<meta property=\"og:title\" content=\"N\u00e1 F\u00e1g Lorg - Anaclann D\u00falra Shliabh Bladhma\" \/>\n<meta property=\"og:description\" content=\"Is cl\u00e1r eitice faoin aer \u00e9 N\u00e1 F\u00e1g Lorg a fhaigheann taca\u00edocht \u00f3n tSeirbh\u00eds P\u00e1irceanna N\u00e1isi\u00fanta agus Fiadh\u00falra, agus at\u00e1 deartha chun caitheamh aimsire freagrach lasmuigh a chur chun cinn agus a spreagadh. Is iad seo a leanas na prionsabail a bhaineann le N\u00e1 F\u00e1g Lorg\" \/>\n<meta property=\"og:url\" content=\"https:\/\/www.slievebloomsnaturereserve.ie\/ga\/teigh-ar-cuairt\/na-fag-lorg\/\" \/>\n<meta property=\"og:site_name\" content=\"Anaclann D\u00falra Shliabh Bladhma\" \/>\n<meta property=\"article:modified_time\" content=\"2023-10-03T08:33:01+00:00\" \/>\n<meta property=\"og:image\" content=\"https:\/\/www.slievebloomsnaturereserve.ie\/wp-content\/uploads\/2021\/09\/leave-no-trace-logo.png\" \/>\n<meta name=\"twitter:card\" content=\"summary_large_image\" \/>\n<meta name=\"twitter:label1\" content=\"Est. reading time\" \/>\n\t<meta name=\"twitter:data1\" content=\"1 minute\" \/>\n<script type=\"application\/ld+json\" class=\"yoast-schema-graph\">{\"@context\":\"https:\\\/\\\/schema.org\",\"@graph\":[{\"@type\":\"WebPage\",\"@id\":\"https:\\\/\\\/www.slievebloomsnaturereserve.ie\\\/ga\\\/teigh-ar-cuairt\\\/na-fag-lorg\\\/\",\"url\":\"https:\\\/\\\/www.slievebloomsnaturereserve.ie\\\/ga\\\/teigh-ar-cuairt\\\/na-fag-lorg\\\/\",\"name\":\"N\u00e1 F\u00e1g Lorg - Anaclann D\u00falra Shliabh Bladhma\",\"isPartOf\":{\"@id\":\"https:\\\/\\\/www.slievebloomsnaturereserve.ie\\\/ga\\\/#website\"},\"primaryImageOfPage\":{\"@id\":\"https:\\\/\\\/www.slievebloomsnaturereserve.ie\\\/ga\\\/teigh-ar-cuairt\\\/na-fag-lorg\\\/#primaryimage\"},\"image\":{\"@id\":\"https:\\\/\\\/www.slievebloomsnaturereserve.ie\\\/ga\\\/teigh-ar-cuairt\\\/na-fag-lorg\\\/#primaryimage\"},\"thumbnailUrl\":\"https:\\\/\\\/www.slievebloomsnaturereserve.ie\\\/wp-content\\\/uploads\\\/2021\\\/09\\\/leave-no-trace-logo.png\",\"datePublished\":\"2021-09-14T11:32:32+00:00\",\"dateModified\":\"2023-10-03T08:33:01+00:00\",\"breadcrumb\":{\"@id\":\"https:\\\/\\\/www.slievebloomsnaturereserve.ie\\\/ga\\\/teigh-ar-cuairt\\\/na-fag-lorg\\\/#breadcrumb\"},\"inLanguage\":\"ga-IE\",\"potentialAction\":[{\"@type\":\"ReadAction\",\"target\":[\"https:\\\/\\\/www.slievebloomsnaturereserve.ie\\\/ga\\\/teigh-ar-cuairt\\\/na-fag-lorg\\\/\"]}]},{\"@type\":\"ImageObject\",\"inLanguage\":\"ga-IE\",\"@id\":\"https:\\\/\\\/www.slievebloomsnaturereserve.ie\\\/ga\\\/teigh-ar-cuairt\\\/na-fag-lorg\\\/#primaryimage\",\"url\":\"https:\\\/\\\/www.slievebloomsnaturereserve.ie\\\/wp-content\\\/uploads\\\/2021\\\/09\\\/leave-no-trace-logo.png\",\"contentUrl\":\"https:\\\/\\\/www.slievebloomsnaturereserve.ie\\\/wp-content\\\/uploads\\\/2021\\\/09\\\/leave-no-trace-logo.png\"},{\"@type\":\"BreadcrumbList\",\"@id\":\"https:\\\/\\\/www.slievebloomsnaturereserve.ie\\\/ga\\\/teigh-ar-cuairt\\\/na-fag-lorg\\\/#breadcrumb\",\"itemListElement\":[{\"@type\":\"ListItem\",\"position\":1,\"name\":\"Home\",\"item\":\"https:\\\/\\\/www.slievebloomsnaturereserve.ie\\\/ga\\\/\"},{\"@type\":\"ListItem\",\"position\":2,\"name\":\"T\u00e9igh ar cuairt\",\"item\":\"https:\\\/\\\/www.slievebloomsnaturereserve.ie\\\/ga\\\/teigh-ar-cuairt\\\/\"},{\"@type\":\"ListItem\",\"position\":3,\"name\":\"N\u00e1 F\u00e1g Lorg\"}]},{\"@type\":\"WebSite\",\"@id\":\"https:\\\/\\\/www.slievebloomsnaturereserve.ie\\\/ga\\\/#website\",\"url\":\"https:\\\/\\\/www.slievebloomsnaturereserve.ie\\\/ga\\\/\",\"name\":\"Wexford Wildfowl Reserve\",\"description\":\"\",\"publisher\":{\"@id\":\"https:\\\/\\\/www.slievebloomsnaturereserve.ie\\\/ga\\\/#organization\"},\"potentialAction\":[{\"@type\":\"SearchAction\",\"target\":{\"@type\":\"EntryPoint\",\"urlTemplate\":\"https:\\\/\\\/www.slievebloomsnaturereserve.ie\\\/ga\\\/?s={search_term_string}\"},\"query-input\":{\"@type\":\"PropertyValueSpecification\",\"valueRequired\":true,\"valueName\":\"search_term_string\"}}],\"inLanguage\":\"ga-IE\"},{\"@type\":\"Organization\",\"@id\":\"https:\\\/\\\/www.slievebloomsnaturereserve.ie\\\/ga\\\/#organization\",\"name\":\"Wexford Wildfowl Reserve\",\"url\":\"https:\\\/\\\/www.slievebloomsnaturereserve.ie\\\/ga\\\/\",\"logo\":{\"@type\":\"ImageObject\",\"inLanguage\":\"ga-IE\",\"@id\":\"https:\\\/\\\/www.slievebloomsnaturereserve.ie\\\/ga\\\/#\\\/schema\\\/logo\\\/image\\\/\",\"url\":\"https:\\\/\\\/www.wexfordwildfowlreserve.ie\\\/wp-content\\\/uploads\\\/2018\\\/10\\\/WWP-sized.png\",\"contentUrl\":\"https:\\\/\\\/www.wexfordwildfowlreserve.ie\\\/wp-content\\\/uploads\\\/2018\\\/10\\\/WWP-sized.png\",\"width\":404,\"height\":100,\"caption\":\"Wexford Wildfowl Reserve\"},\"image\":{\"@id\":\"https:\\\/\\\/www.slievebloomsnaturereserve.ie\\\/ga\\\/#\\\/schema\\\/logo\\\/image\\\/\"}}]}<\/script>\n<!-- \/ Yoast SEO plugin. -->","yoast_head_json":{"title":"N\u00e1 F\u00e1g Lorg - Anaclann D\u00falra Shliabh Bladhma","robots":{"index":"index","follow":"follow","max-snippet":"max-snippet:-1","max-image-preview":"max-image-preview:large","max-video-preview":"max-video-preview:-1"},"canonical":"https:\/\/www.slievebloomsnaturereserve.ie\/ga\/teigh-ar-cuairt\/na-fag-lorg\/","og_locale":"ga_IE","og_type":"article","og_title":"N\u00e1 F\u00e1g Lorg - Anaclann D\u00falra Shliabh Bladhma","og_description":"Is cl\u00e1r eitice faoin aer \u00e9 N\u00e1 F\u00e1g Lorg a fhaigheann taca\u00edocht \u00f3n tSeirbh\u00eds P\u00e1irceanna N\u00e1isi\u00fanta agus Fiadh\u00falra, agus at\u00e1 deartha chun caitheamh aimsire freagrach lasmuigh a chur chun cinn agus a spreagadh. Is iad seo a leanas na prionsabail a bhaineann le N\u00e1 F\u00e1g Lorg","og_url":"https:\/\/www.slievebloomsnaturereserve.ie\/ga\/teigh-ar-cuairt\/na-fag-lorg\/","og_site_name":"Anaclann D\u00falra Shliabh Bladhma","article_modified_time":"2023-10-03T08:33:01+00:00","og_image":[{"url":"https:\/\/www.slievebloomsnaturereserve.ie\/wp-content\/uploads\/2021\/09\/leave-no-trace-logo.png","type":"","width":"","height":""}],"twitter_card":"summary_large_image","twitter_misc":{"Est. reading time":"1 minute"},"schema":{"@context":"https:\/\/schema.org","@graph":[{"@type":"WebPage","@id":"https:\/\/www.slievebloomsnaturereserve.ie\/ga\/teigh-ar-cuairt\/na-fag-lorg\/","url":"https:\/\/www.slievebloomsnaturereserve.ie\/ga\/teigh-ar-cuairt\/na-fag-lorg\/","name":"N\u00e1 F\u00e1g Lorg - Anaclann D\u00falra Shliabh Bladhma","isPartOf":{"@id":"https:\/\/www.slievebloomsnaturereserve.ie\/ga\/#website"},"primaryImageOfPage":{"@id":"https:\/\/www.slievebloomsnaturereserve.ie\/ga\/teigh-ar-cuairt\/na-fag-lorg\/#primaryimage"},"image":{"@id":"https:\/\/www.slievebloomsnaturereserve.ie\/ga\/teigh-ar-cuairt\/na-fag-lorg\/#primaryimage"},"thumbnailUrl":"https:\/\/www.slievebloomsnaturereserve.ie\/wp-content\/uploads\/2021\/09\/leave-no-trace-logo.png","datePublished":"2021-09-14T11:32:32+00:00","dateModified":"2023-10-03T08:33:01+00:00","breadcrumb":{"@id":"https:\/\/www.slievebloomsnaturereserve.ie\/ga\/teigh-ar-cuairt\/na-fag-lorg\/#breadcrumb"},"inLanguage":"ga-IE","potentialAction":[{"@type":"ReadAction","target":["https:\/\/www.slievebloomsnaturereserve.ie\/ga\/teigh-ar-cuairt\/na-fag-lorg\/"]}]},{"@type":"ImageObject","inLanguage":"ga-IE","@id":"https:\/\/www.slievebloomsnaturereserve.ie\/ga\/teigh-ar-cuairt\/na-fag-lorg\/#primaryimage","url":"https:\/\/www.slievebloomsnaturereserve.ie\/wp-content\/uploads\/2021\/09\/leave-no-trace-logo.png","contentUrl":"https:\/\/www.slievebloomsnaturereserve.ie\/wp-content\/uploads\/2021\/09\/leave-no-trace-logo.png"},{"@type":"BreadcrumbList","@id":"https:\/\/www.slievebloomsnaturereserve.ie\/ga\/teigh-ar-cuairt\/na-fag-lorg\/#breadcrumb","itemListElement":[{"@type":"ListItem","position":1,"name":"Home","item":"https:\/\/www.slievebloomsnaturereserve.ie\/ga\/"},{"@type":"ListItem","position":2,"name":"T\u00e9igh ar cuairt","item":"https:\/\/www.slievebloomsnaturereserve.ie\/ga\/teigh-ar-cuairt\/"},{"@type":"ListItem","position":3,"name":"N\u00e1 F\u00e1g Lorg"}]},{"@type":"WebSite","@id":"https:\/\/www.slievebloomsnaturereserve.ie\/ga\/#website","url":"https:\/\/www.slievebloomsnaturereserve.ie\/ga\/","name":"Wexford Wildfowl Reserve","description":"","publisher":{"@id":"https:\/\/www.slievebloomsnaturereserve.ie\/ga\/#organization"},"potentialAction":[{"@type":"SearchAction","target":{"@type":"EntryPoint","urlTemplate":"https:\/\/www.slievebloomsnaturereserve.ie\/ga\/?s={search_term_string}"},"query-input":{"@type":"PropertyValueSpecification","valueRequired":true,"valueName":"search_term_string"}}],"inLanguage":"ga-IE"},{"@type":"Organization","@id":"https:\/\/www.slievebloomsnaturereserve.ie\/ga\/#organization","name":"Wexford Wildfowl Reserve","url":"https:\/\/www.slievebloomsnaturereserve.ie\/ga\/","logo":{"@type":"ImageObject","inLanguage":"ga-IE","@id":"https:\/\/www.slievebloomsnaturereserve.ie\/ga\/#\/schema\/logo\/image\/","url":"https:\/\/www.wexfordwildfowlreserve.ie\/wp-content\/uploads\/2018\/10\/WWP-sized.png","contentUrl":"https:\/\/www.wexfordwildfowlreserve.ie\/wp-content\/uploads\/2018\/10\/WWP-sized.png","width":404,"height":100,"caption":"Wexford Wildfowl Reserve"},"image":{"@id":"https:\/\/www.slievebloomsnaturereserve.ie\/ga\/#\/schema\/logo\/image\/"}}]}},"jetpack_sharing_enabled":true,"_links":{"self":[{"href":"https:\/\/www.slievebloomsnaturereserve.ie\/ga\/wp-json\/wp\/v2\/pages\/1253","targetHints":{"allow":["GET"]}}],"collection":[{"href":"https:\/\/www.slievebloomsnaturereserve.ie\/ga\/wp-json\/wp\/v2\/pages"}],"about":[{"href":"https:\/\/www.slievebloomsnaturereserve.ie\/ga\/wp-json\/wp\/v2\/types\/page"}],"author":[{"embeddable":true,"href":"https:\/\/www.slievebloomsnaturereserve.ie\/ga\/wp-json\/wp\/v2\/users\/9"}],"replies":[{"embeddable":true,"href":"https:\/\/www.slievebloomsnaturereserve.ie\/ga\/wp-json\/wp\/v2\/comments?post=1253"}],"version-history":[{"count":2,"href":"https:\/\/www.slievebloomsnaturereserve.ie\/ga\/wp-json\/wp\/v2\/pages\/1253\/revisions"}],"predecessor-version":[{"id":1369,"href":"https:\/\/www.slievebloomsnaturereserve.ie\/ga\/wp-json\/wp\/v2\/pages\/1253\/revisions\/1369"}],"up":[{"embeddable":true,"href":"https:\/\/www.slievebloomsnaturereserve.ie\/ga\/wp-json\/wp\/v2\/pages\/1251"}],"wp:attachment":[{"href":"https:\/\/www.slievebloomsnaturereserve.ie\/ga\/wp-json\/wp\/v2\/media?parent=1253"}],"curies":[{"name":"wp","href":"https:\/\/api.w.org\/{rel}","templated":true}]}}