{"id":1255,"date":"2021-09-14T11:33:58","date_gmt":"2021-09-14T11:33:58","guid":{"rendered":"https:\/\/www.slievebloomsnaturereserve.ie\/caitheamh-aimsire\/eanbhreathnu\/"},"modified":"2023-10-03T08:32:35","modified_gmt":"2023-10-03T08:32:35","slug":"eanbhreathnu","status":"publish","type":"page","link":"https:\/\/www.slievebloomsnaturereserve.ie\/ga\/caitheamh-aimsire\/eanbhreathnu\/","title":{"rendered":"\u00c9anbhreathn\u00fa"},"content":{"rendered":"\n<p>Is \u00e1it iontach \u00e9 Sliabh Bladhma d\u00f3ibh si\u00fad a bhfuil suim acu, m\u00f3r n\u00f3 beag, a bheith ag faire ar \u00e9in, agus is san earrach agus sa samhradh na hamanna is fearr chun cuairt a thabhairt ina leith sin.<\/p>\n\n<p>C\u00e9 go bhfuil deiseanna ann chun breathn\u00fa ar \u00e9in ar fud na hanaclainne, t\u00e1 liosta th\u00edos de na h\u00e1iteanna is fearr.<\/p>\n\n<p>Ag <strong><span style=\"color: #1d64c1;\">Droim na Ceapa\u00ed Airde <\/span><\/strong> is f\u00e9idir leat taitneamh a bhaint as na h\u00e9in \u00f3n n\u00f3im\u00e9ad a shroicheann t\u00fa an carrchl\u00f3s, leis <strong><span style=\"color: #a11f9d;\">an ngeal\u00f3g ghiolca\u00ed, an dearg\u00e9adan beag, an ceolaire sail\u00ed, an gilph\u00edb agus an ceolaire casarna\u00ed<\/span><\/strong> ag baint leas as an scrobarnach at\u00e1 le f\u00e1il timpeall na limist\u00e9ar p\u00e1irce\u00e1la.<br\/>M\u00e1 th\u00f3gann t\u00fa an cl\u00e1rchos\u00e1n chuig an ard\u00e1n f\u00e9achana, f\u00e9ach suas sna sp\u00e9artha chun <strong><span style=\"color: #a11f9d;\">Crom\u00e1n na gCearc<\/span><\/strong> a fheice\u00e1il. Sa samhradh, lean an cl\u00e1rchos\u00e1n tr\u00edd na fraochmh\u00e1nna agus an bratphortach chun taitneamh a bhaint as ceol na <strong><span style=\"color: #a11f9d;\">riabh\u00f3ige m\u00f3na agus na fuiseoige<\/span><\/strong> agus b\u2019fh\u00e9idir glaoch saini\u00fail na <strong><span style=\"color: #a11f9d;\">gCearc fraoigh<\/span><\/strong> \u00f3 am go ch\u00e9ile. M\u00e1 leanann t\u00fa an seanchonair portaigh b\u2019fh\u00e9idir go bhfeicfe\u00e1 geal\u00f3ga <strong><span style=\"color: #a11f9d;\">sneachta sa gheimhreadh<\/span><\/strong>; <strong><span style=\"color: #a11f9d;\">caisl\u00edn cloch agus clochr\u00e1n<\/span><\/strong> sa samhradh.<br\/>M\u00e1 th\u00f3gann t\u00fa an tsi\u00fal\u00f3id l\u00faibe gorme n\u00f3 corcra b\u2019fh\u00e9idir go mbeadh t\u00fa in ann an <strong><span style=\"color: #a11f9d;\">Chuach<\/span><\/strong> a chloiste\u00e1il, n\u00f3 a fheice\u00e1il, san earrach. Lean an bealach corcra s\u00edos an cnoc agus f\u00e9ach thart ar an iomaire don <strong><span style=\"color: #a11f9d;\">chlamh\u00e1n, don phocaire gaoithe agus don spior\u00f3g<\/span><\/strong>. N\u00edos faide s\u00edos, is f\u00e9idir teacht ar <strong><span style=\"color: #a11f9d;\">cheann cait agus ar chreabhar<\/span><\/strong> le titim na ho\u00edche<\/p>\n\n<p>M\u00e1 fh\u00e1gann t\u00fa do charr in aice leis <strong><span style=\"color: #1d64c1;\">an nGearradh<\/span><\/strong> b\u2019fh\u00e9idir go mbeadh deis agat <strong><span style=\"color: #a11f9d;\">Crom\u00e1in na gCearc<\/span><\/strong> a fheice\u00e1il ag fiach ar an m\u00f3inteach. D\u2019fh\u00e9adfadh <strong><span style=\"color: #a11f9d;\">Meirli\u00fan, Fabhc\u00fan agus fiach dubh a bheith<\/span><\/strong> i l\u00e1thair freisin.<\/p>\n\n<p>T\u00e1 conair ag <strong><span style=\"color: #1d64c1;\">Sliabh Ghaiste<\/span><\/strong> na Mac T\u00edre freisin a th\u00e9ann \u00f3n gcarrchl\u00f3s suas go dt\u00ed an mullach \u00e1it a bhfuil na crainn tarchurtha raidi\u00f3 Ar an mbealach suas an chonair seo, <strong><span style=\"color: #a11f9d;\">t\u00e1 clochr\u00e1n, Cearc Fhraoigh<\/span><\/strong> agus corr <strong><span style=\"color: #a11f9d;\">Mheirli\u00fan<\/span><\/strong> le feice\u00e1il, agus sa gheimhreadh beidh <strong><span style=\"color: #a11f9d;\">geal\u00f3g shneachta<\/span><\/strong> ag beath\u00fa le taobh an \u00e1it a mb\u00edonn t\u00fa ag si\u00fal.<br\/>Go luath sa samhradh b\u00ed ag faire amach do dhrumad\u00f3ireacht na <strong><span style=\"color: #a11f9d;\">naosca\u00ed<\/span><\/strong>, glaoch na <strong><span style=\"color: #a11f9d;\">fuiseoige<\/span><\/strong> agus b&#8217;fh\u00e9idir <strong><span style=\"color: #a11f9d;\">Crotach<\/span><\/strong> de r\u00e9ir mar a shroicheann t\u00fa an mullach in aice leis na crainn raidi\u00f3 Tiocfaidh ealta\u00ed m\u00f3ra <strong><span style=\"color: #a11f9d;\">Fead\u00f3g Bhu\u00ed<\/span><\/strong> anseo ar a n-imirce, agus b\u2019fh\u00e9idir corr <strong><span style=\"color: #a11f9d;\">amad\u00e1n m\u00f3inteach<\/span><\/strong> ina measc.<\/p>\n","protected":false},"excerpt":{"rendered":"<p>Is \u00e1it iontach \u00e9 Sliabh Bladhma d\u00f3ibh si\u00fad a bhfuil suim acu, m\u00f3r n\u00f3 beag, a bheith ag faire ar \u00e9in, agus is san earrach agus sa samhradh na hamanna is fearr chun cuairt a thabhairt ina leith sin. C\u00e9 go bhfuil deiseanna ann chun breathn\u00fa ar \u00e9in ar fud na hanaclainne, t\u00e1 liosta th\u00edos&#8230; <\/p>\n","protected":false},"author":9,"featured_media":0,"parent":1254,"menu_order":0,"comment_status":"closed","ping_status":"closed","template":"no-sidebar.php","meta":{"footnotes":""},"class_list":["post-1255","page","type-page","status-publish","hentry"],"yoast_head":"<!-- This site is optimized with the Yoast SEO plugin v27.5 - https:\/\/yoast.com\/product\/yoast-seo-wordpress\/ -->\n<title>\u00c9anbhreathn\u00fa - Anaclann D\u00falra Shliabh Bladhma<\/title>\n<meta name=\"robots\" content=\"index, follow, max-snippet:-1, max-image-preview:large, max-video-preview:-1\" \/>\n<link rel=\"canonical\" href=\"https:\/\/www.slievebloomsnaturereserve.ie\/ga\/caitheamh-aimsire\/eanbhreathnu\/\" \/>\n<meta property=\"og:locale\" content=\"ga_IE\" \/>\n<meta property=\"og:type\" content=\"article\" \/>\n<meta property=\"og:title\" content=\"\u00c9anbhreathn\u00fa - Anaclann D\u00falra Shliabh Bladhma\" \/>\n<meta property=\"og:description\" content=\"Is \u00e1it iontach \u00e9 Sliabh Bladhma d\u00f3ibh si\u00fad a bhfuil suim acu, m\u00f3r n\u00f3 beag, a bheith ag faire ar \u00e9in, agus is san earrach agus sa samhradh na hamanna is fearr chun cuairt a thabhairt ina leith sin. C\u00e9 go bhfuil deiseanna ann chun breathn\u00fa ar \u00e9in ar fud na hanaclainne, t\u00e1 liosta th\u00edos...\" \/>\n<meta property=\"og:url\" content=\"https:\/\/www.slievebloomsnaturereserve.ie\/ga\/caitheamh-aimsire\/eanbhreathnu\/\" \/>\n<meta property=\"og:site_name\" content=\"Anaclann D\u00falra Shliabh Bladhma\" \/>\n<meta property=\"article:modified_time\" content=\"2023-10-03T08:32:35+00:00\" \/>\n<meta name=\"twitter:card\" content=\"summary_large_image\" \/>\n<meta name=\"twitter:label1\" content=\"Est. reading time\" \/>\n\t<meta name=\"twitter:data1\" content=\"2 minutes\" \/>\n<script type=\"application\/ld+json\" class=\"yoast-schema-graph\">{\"@context\":\"https:\\\/\\\/schema.org\",\"@graph\":[{\"@type\":\"WebPage\",\"@id\":\"https:\\\/\\\/www.slievebloomsnaturereserve.ie\\\/ga\\\/caitheamh-aimsire\\\/eanbhreathnu\\\/\",\"url\":\"https:\\\/\\\/www.slievebloomsnaturereserve.ie\\\/ga\\\/caitheamh-aimsire\\\/eanbhreathnu\\\/\",\"name\":\"\u00c9anbhreathn\u00fa - Anaclann D\u00falra Shliabh Bladhma\",\"isPartOf\":{\"@id\":\"https:\\\/\\\/www.slievebloomsnaturereserve.ie\\\/ga\\\/#website\"},\"datePublished\":\"2021-09-14T11:33:58+00:00\",\"dateModified\":\"2023-10-03T08:32:35+00:00\",\"breadcrumb\":{\"@id\":\"https:\\\/\\\/www.slievebloomsnaturereserve.ie\\\/ga\\\/caitheamh-aimsire\\\/eanbhreathnu\\\/#breadcrumb\"},\"inLanguage\":\"ga-IE\",\"potentialAction\":[{\"@type\":\"ReadAction\",\"target\":[\"https:\\\/\\\/www.slievebloomsnaturereserve.ie\\\/ga\\\/caitheamh-aimsire\\\/eanbhreathnu\\\/\"]}]},{\"@type\":\"BreadcrumbList\",\"@id\":\"https:\\\/\\\/www.slievebloomsnaturereserve.ie\\\/ga\\\/caitheamh-aimsire\\\/eanbhreathnu\\\/#breadcrumb\",\"itemListElement\":[{\"@type\":\"ListItem\",\"position\":1,\"name\":\"Home\",\"item\":\"https:\\\/\\\/www.slievebloomsnaturereserve.ie\\\/ga\\\/\"},{\"@type\":\"ListItem\",\"position\":2,\"name\":\"Caitheamh Aimsire\",\"item\":\"https:\\\/\\\/www.slievebloomsnaturereserve.ie\\\/ga\\\/caitheamh-aimsire\\\/\"},{\"@type\":\"ListItem\",\"position\":3,\"name\":\"\u00c9anbhreathn\u00fa\"}]},{\"@type\":\"WebSite\",\"@id\":\"https:\\\/\\\/www.slievebloomsnaturereserve.ie\\\/ga\\\/#website\",\"url\":\"https:\\\/\\\/www.slievebloomsnaturereserve.ie\\\/ga\\\/\",\"name\":\"Wexford Wildfowl Reserve\",\"description\":\"\",\"publisher\":{\"@id\":\"https:\\\/\\\/www.slievebloomsnaturereserve.ie\\\/ga\\\/#organization\"},\"potentialAction\":[{\"@type\":\"SearchAction\",\"target\":{\"@type\":\"EntryPoint\",\"urlTemplate\":\"https:\\\/\\\/www.slievebloomsnaturereserve.ie\\\/ga\\\/?s={search_term_string}\"},\"query-input\":{\"@type\":\"PropertyValueSpecification\",\"valueRequired\":true,\"valueName\":\"search_term_string\"}}],\"inLanguage\":\"ga-IE\"},{\"@type\":\"Organization\",\"@id\":\"https:\\\/\\\/www.slievebloomsnaturereserve.ie\\\/ga\\\/#organization\",\"name\":\"Wexford Wildfowl Reserve\",\"url\":\"https:\\\/\\\/www.slievebloomsnaturereserve.ie\\\/ga\\\/\",\"logo\":{\"@type\":\"ImageObject\",\"inLanguage\":\"ga-IE\",\"@id\":\"https:\\\/\\\/www.slievebloomsnaturereserve.ie\\\/ga\\\/#\\\/schema\\\/logo\\\/image\\\/\",\"url\":\"https:\\\/\\\/www.wexfordwildfowlreserve.ie\\\/wp-content\\\/uploads\\\/2018\\\/10\\\/WWP-sized.png\",\"contentUrl\":\"https:\\\/\\\/www.wexfordwildfowlreserve.ie\\\/wp-content\\\/uploads\\\/2018\\\/10\\\/WWP-sized.png\",\"width\":404,\"height\":100,\"caption\":\"Wexford Wildfowl Reserve\"},\"image\":{\"@id\":\"https:\\\/\\\/www.slievebloomsnaturereserve.ie\\\/ga\\\/#\\\/schema\\\/logo\\\/image\\\/\"}}]}<\/script>\n<!-- \/ Yoast SEO plugin. -->","yoast_head_json":{"title":"\u00c9anbhreathn\u00fa - Anaclann D\u00falra Shliabh Bladhma","robots":{"index":"index","follow":"follow","max-snippet":"max-snippet:-1","max-image-preview":"max-image-preview:large","max-video-preview":"max-video-preview:-1"},"canonical":"https:\/\/www.slievebloomsnaturereserve.ie\/ga\/caitheamh-aimsire\/eanbhreathnu\/","og_locale":"ga_IE","og_type":"article","og_title":"\u00c9anbhreathn\u00fa - Anaclann D\u00falra Shliabh Bladhma","og_description":"Is \u00e1it iontach \u00e9 Sliabh Bladhma d\u00f3ibh si\u00fad a bhfuil suim acu, m\u00f3r n\u00f3 beag, a bheith ag faire ar \u00e9in, agus is san earrach agus sa samhradh na hamanna is fearr chun cuairt a thabhairt ina leith sin. C\u00e9 go bhfuil deiseanna ann chun breathn\u00fa ar \u00e9in ar fud na hanaclainne, t\u00e1 liosta th\u00edos...","og_url":"https:\/\/www.slievebloomsnaturereserve.ie\/ga\/caitheamh-aimsire\/eanbhreathnu\/","og_site_name":"Anaclann D\u00falra Shliabh Bladhma","article_modified_time":"2023-10-03T08:32:35+00:00","twitter_card":"summary_large_image","twitter_misc":{"Est. reading time":"2 minutes"},"schema":{"@context":"https:\/\/schema.org","@graph":[{"@type":"WebPage","@id":"https:\/\/www.slievebloomsnaturereserve.ie\/ga\/caitheamh-aimsire\/eanbhreathnu\/","url":"https:\/\/www.slievebloomsnaturereserve.ie\/ga\/caitheamh-aimsire\/eanbhreathnu\/","name":"\u00c9anbhreathn\u00fa - Anaclann D\u00falra Shliabh Bladhma","isPartOf":{"@id":"https:\/\/www.slievebloomsnaturereserve.ie\/ga\/#website"},"datePublished":"2021-09-14T11:33:58+00:00","dateModified":"2023-10-03T08:32:35+00:00","breadcrumb":{"@id":"https:\/\/www.slievebloomsnaturereserve.ie\/ga\/caitheamh-aimsire\/eanbhreathnu\/#breadcrumb"},"inLanguage":"ga-IE","potentialAction":[{"@type":"ReadAction","target":["https:\/\/www.slievebloomsnaturereserve.ie\/ga\/caitheamh-aimsire\/eanbhreathnu\/"]}]},{"@type":"BreadcrumbList","@id":"https:\/\/www.slievebloomsnaturereserve.ie\/ga\/caitheamh-aimsire\/eanbhreathnu\/#breadcrumb","itemListElement":[{"@type":"ListItem","position":1,"name":"Home","item":"https:\/\/www.slievebloomsnaturereserve.ie\/ga\/"},{"@type":"ListItem","position":2,"name":"Caitheamh Aimsire","item":"https:\/\/www.slievebloomsnaturereserve.ie\/ga\/caitheamh-aimsire\/"},{"@type":"ListItem","position":3,"name":"\u00c9anbhreathn\u00fa"}]},{"@type":"WebSite","@id":"https:\/\/www.slievebloomsnaturereserve.ie\/ga\/#website","url":"https:\/\/www.slievebloomsnaturereserve.ie\/ga\/","name":"Wexford Wildfowl Reserve","description":"","publisher":{"@id":"https:\/\/www.slievebloomsnaturereserve.ie\/ga\/#organization"},"potentialAction":[{"@type":"SearchAction","target":{"@type":"EntryPoint","urlTemplate":"https:\/\/www.slievebloomsnaturereserve.ie\/ga\/?s={search_term_string}"},"query-input":{"@type":"PropertyValueSpecification","valueRequired":true,"valueName":"search_term_string"}}],"inLanguage":"ga-IE"},{"@type":"Organization","@id":"https:\/\/www.slievebloomsnaturereserve.ie\/ga\/#organization","name":"Wexford Wildfowl Reserve","url":"https:\/\/www.slievebloomsnaturereserve.ie\/ga\/","logo":{"@type":"ImageObject","inLanguage":"ga-IE","@id":"https:\/\/www.slievebloomsnaturereserve.ie\/ga\/#\/schema\/logo\/image\/","url":"https:\/\/www.wexfordwildfowlreserve.ie\/wp-content\/uploads\/2018\/10\/WWP-sized.png","contentUrl":"https:\/\/www.wexfordwildfowlreserve.ie\/wp-content\/uploads\/2018\/10\/WWP-sized.png","width":404,"height":100,"caption":"Wexford Wildfowl Reserve"},"image":{"@id":"https:\/\/www.slievebloomsnaturereserve.ie\/ga\/#\/schema\/logo\/image\/"}}]}},"jetpack_sharing_enabled":true,"_links":{"self":[{"href":"https:\/\/www.slievebloomsnaturereserve.ie\/ga\/wp-json\/wp\/v2\/pages\/1255","targetHints":{"allow":["GET"]}}],"collection":[{"href":"https:\/\/www.slievebloomsnaturereserve.ie\/ga\/wp-json\/wp\/v2\/pages"}],"about":[{"href":"https:\/\/www.slievebloomsnaturereserve.ie\/ga\/wp-json\/wp\/v2\/types\/page"}],"author":[{"embeddable":true,"href":"https:\/\/www.slievebloomsnaturereserve.ie\/ga\/wp-json\/wp\/v2\/users\/9"}],"replies":[{"embeddable":true,"href":"https:\/\/www.slievebloomsnaturereserve.ie\/ga\/wp-json\/wp\/v2\/comments?post=1255"}],"version-history":[{"count":4,"href":"https:\/\/www.slievebloomsnaturereserve.ie\/ga\/wp-json\/wp\/v2\/pages\/1255\/revisions"}],"predecessor-version":[{"id":1366,"href":"https:\/\/www.slievebloomsnaturereserve.ie\/ga\/wp-json\/wp\/v2\/pages\/1255\/revisions\/1366"}],"up":[{"embeddable":true,"href":"https:\/\/www.slievebloomsnaturereserve.ie\/ga\/wp-json\/wp\/v2\/pages\/1254"}],"wp:attachment":[{"href":"https:\/\/www.slievebloomsnaturereserve.ie\/ga\/wp-json\/wp\/v2\/media?parent=1255"}],"curies":[{"name":"wp","href":"https:\/\/api.w.org\/{rel}","templated":true}]}}