{"id":1256,"date":"2021-09-14T11:34:28","date_gmt":"2021-09-14T11:34:28","guid":{"rendered":"https:\/\/www.slievebloomsnaturereserve.ie\/siuloidi\/"},"modified":"2023-10-03T08:59:29","modified_gmt":"2023-10-03T08:59:29","slug":"siuloidi","status":"publish","type":"page","link":"https:\/\/www.slievebloomsnaturereserve.ie\/ga\/siuloidi\/","title":{"rendered":"Si\u00fal\u00f3id\u00ed"},"content":{"rendered":"\n<p>T\u00e1 tr\u00ed bhealach si\u00fal\u00f3ide foirmi\u00fala laistigh de theorainneacha na hanaclainne d\u00falra a shonra\u00edtear th\u00edos. Ina theannta sin, t\u00e1 go leor beala\u00ed sl\u00edmharc\u00e1ilte eile lasmuigh den anaclann, agus t\u00e1 sonra\u00ed f\u00fathu le f\u00e1il <a href=\"https:\/\/slievebloom.ie\/walking\" target=\"_blank\" rel=\"noopener\">anseo<\/a>.<\/p>\n\n<p><strong><span style=\"color: #1d64c1;\">Si\u00fal\u00f3id ghearr l\u00faibe ar Dhroim na Ceapa\u00ed Airde<\/span><\/strong><\/p>\n\n<p>T\u00f3gann an tsi\u00fal\u00f3id 750m seo cuairteoir\u00ed \u00f3n gcarrchl\u00f3s, tr\u00ed chl\u00e1rchos\u00e1n, go dt\u00ed an t-ard\u00e1n f\u00e9achana \u00e1it a bhfuil radharcanna iontacha le f\u00e1il ar an dtuath m\u00e1guaird. Is si\u00fal\u00f3id ghairid choiteann \u00ed seo at\u00e1 mar chuid de L\u00fab n\u00edos faide <a href=\"https:\/\/slievebloom.ie\/walking\/glenbarrow\" target=\"_blank\" rel=\"noopener\">Ghleann Bear\u00fa<\/a>.<\/p>\n\n<p><strong><span style=\"color: #1d64c1;\">Bealach na Ceapa\u00ed Airde<\/span><\/strong><\/p>\n\n<p>T\u00e9ann an tsi\u00fal\u00f3id seo \u00f3n ard\u00e1n f\u00e9achana agus is f\u00e9idir le si\u00fal\u00f3ir\u00ed dul ar aghaidh n\u00edos faide isteach san Anaclann D\u00falra. T\u00e1 s\u00e9 thart ar 2km ar fad agus t\u00e1 roghanna ann filleadh ar an mbealach c\u00e9anna; si\u00fal tr\u00edd an \u2018Sr\u00e1idbhaile Caillte\u2019; n\u00f3 lean ar aghaidh chuig si\u00fal\u00f3id l\u00faibe Ghleann Bear\u00fa. T\u00e1 an chuid seo den chl\u00e1rchos\u00e1n gr\u00e1daithe measartha.<\/p>\n\n<p><strong><span style=\"color: #1d64c1;\">Droim na Ceapa\u00ed Airde go Stoney Man<\/span><\/strong><\/p>\n\n<p>Is \u00e9 seo an bealach is faide agus is d\u00fashl\u00e1na\u00ed ar f\u00e9idir teacht air \u00f3n gcarrchl\u00f3s. T\u00e1 s\u00e9 5km ar fad agus t\u00f3gann s\u00e9 thart ar 1.5 uair an chloig, is cos\u00e1n d\u00fashl\u00e1nach \u00e9 ar th\u00edr-raon n\u00edos deacra le hairde m\u00e9adaithe. Tugann na radharcanna iontacha atmaisf\u00e9ar oscailte don si\u00fal\u00f3id seo.<\/p>\n","protected":false},"excerpt":{"rendered":"<p>T\u00e1 tr\u00ed bhealach si\u00fal\u00f3ide foirmi\u00fala laistigh de theorainneacha na hanaclainne d\u00falra a shonra\u00edtear th\u00edos. Ina theannta sin, t\u00e1 go leor beala\u00ed sl\u00edmharc\u00e1ilte eile lasmuigh den anaclann, agus t\u00e1 sonra\u00ed f\u00fathu le f\u00e1il anseo. Si\u00fal\u00f3id ghearr l\u00faibe ar Dhroim na Ceapa\u00ed Airde T\u00f3gann an tsi\u00fal\u00f3id 750m seo cuairteoir\u00ed \u00f3n gcarrchl\u00f3s, tr\u00ed chl\u00e1rchos\u00e1n, go dt\u00ed an t-ard\u00e1n&#8230; <\/p>\n","protected":false},"author":9,"featured_media":0,"parent":0,"menu_order":0,"comment_status":"closed","ping_status":"closed","template":"no-sidebar.php","meta":{"footnotes":""},"class_list":["post-1256","page","type-page","status-publish","hentry"],"yoast_head":"<!-- This site is optimized with the Yoast SEO plugin v27.5 - https:\/\/yoast.com\/product\/yoast-seo-wordpress\/ -->\n<title>Si\u00fal\u00f3id\u00ed - Anaclann D\u00falra Shliabh Bladhma<\/title>\n<meta name=\"robots\" content=\"index, follow, max-snippet:-1, max-image-preview:large, max-video-preview:-1\" \/>\n<link rel=\"canonical\" href=\"https:\/\/www.slievebloomsnaturereserve.ie\/ga\/siuloidi\/\" \/>\n<meta property=\"og:locale\" content=\"ga_IE\" \/>\n<meta property=\"og:type\" content=\"article\" \/>\n<meta property=\"og:title\" content=\"Si\u00fal\u00f3id\u00ed - Anaclann D\u00falra Shliabh Bladhma\" \/>\n<meta property=\"og:description\" content=\"T\u00e1 tr\u00ed bhealach si\u00fal\u00f3ide foirmi\u00fala laistigh de theorainneacha na hanaclainne d\u00falra a shonra\u00edtear th\u00edos. Ina theannta sin, t\u00e1 go leor beala\u00ed sl\u00edmharc\u00e1ilte eile lasmuigh den anaclann, agus t\u00e1 sonra\u00ed f\u00fathu le f\u00e1il anseo. Si\u00fal\u00f3id ghearr l\u00faibe ar Dhroim na Ceapa\u00ed Airde T\u00f3gann an tsi\u00fal\u00f3id 750m seo cuairteoir\u00ed \u00f3n gcarrchl\u00f3s, tr\u00ed chl\u00e1rchos\u00e1n, go dt\u00ed an t-ard\u00e1n...\" \/>\n<meta property=\"og:url\" content=\"https:\/\/www.slievebloomsnaturereserve.ie\/ga\/siuloidi\/\" \/>\n<meta property=\"og:site_name\" content=\"Anaclann D\u00falra Shliabh Bladhma\" \/>\n<meta property=\"article:modified_time\" content=\"2023-10-03T08:59:29+00:00\" \/>\n<meta name=\"twitter:card\" content=\"summary_large_image\" \/>\n<meta name=\"twitter:label1\" content=\"Est. reading time\" \/>\n\t<meta name=\"twitter:data1\" content=\"1 minute\" \/>\n<script type=\"application\/ld+json\" class=\"yoast-schema-graph\">{\"@context\":\"https:\\\/\\\/schema.org\",\"@graph\":[{\"@type\":\"WebPage\",\"@id\":\"https:\\\/\\\/www.slievebloomsnaturereserve.ie\\\/ga\\\/siuloidi\\\/\",\"url\":\"https:\\\/\\\/www.slievebloomsnaturereserve.ie\\\/ga\\\/siuloidi\\\/\",\"name\":\"Si\u00fal\u00f3id\u00ed - Anaclann D\u00falra Shliabh Bladhma\",\"isPartOf\":{\"@id\":\"https:\\\/\\\/www.slievebloomsnaturereserve.ie\\\/ga\\\/#website\"},\"datePublished\":\"2021-09-14T11:34:28+00:00\",\"dateModified\":\"2023-10-03T08:59:29+00:00\",\"breadcrumb\":{\"@id\":\"https:\\\/\\\/www.slievebloomsnaturereserve.ie\\\/ga\\\/siuloidi\\\/#breadcrumb\"},\"inLanguage\":\"ga-IE\",\"potentialAction\":[{\"@type\":\"ReadAction\",\"target\":[\"https:\\\/\\\/www.slievebloomsnaturereserve.ie\\\/ga\\\/siuloidi\\\/\"]}]},{\"@type\":\"BreadcrumbList\",\"@id\":\"https:\\\/\\\/www.slievebloomsnaturereserve.ie\\\/ga\\\/siuloidi\\\/#breadcrumb\",\"itemListElement\":[{\"@type\":\"ListItem\",\"position\":1,\"name\":\"Home\",\"item\":\"https:\\\/\\\/www.slievebloomsnaturereserve.ie\\\/ga\\\/\"},{\"@type\":\"ListItem\",\"position\":2,\"name\":\"Si\u00fal\u00f3id\u00ed\"}]},{\"@type\":\"WebSite\",\"@id\":\"https:\\\/\\\/www.slievebloomsnaturereserve.ie\\\/ga\\\/#website\",\"url\":\"https:\\\/\\\/www.slievebloomsnaturereserve.ie\\\/ga\\\/\",\"name\":\"Wexford Wildfowl Reserve\",\"description\":\"\",\"publisher\":{\"@id\":\"https:\\\/\\\/www.slievebloomsnaturereserve.ie\\\/ga\\\/#organization\"},\"potentialAction\":[{\"@type\":\"SearchAction\",\"target\":{\"@type\":\"EntryPoint\",\"urlTemplate\":\"https:\\\/\\\/www.slievebloomsnaturereserve.ie\\\/ga\\\/?s={search_term_string}\"},\"query-input\":{\"@type\":\"PropertyValueSpecification\",\"valueRequired\":true,\"valueName\":\"search_term_string\"}}],\"inLanguage\":\"ga-IE\"},{\"@type\":\"Organization\",\"@id\":\"https:\\\/\\\/www.slievebloomsnaturereserve.ie\\\/ga\\\/#organization\",\"name\":\"Wexford Wildfowl Reserve\",\"url\":\"https:\\\/\\\/www.slievebloomsnaturereserve.ie\\\/ga\\\/\",\"logo\":{\"@type\":\"ImageObject\",\"inLanguage\":\"ga-IE\",\"@id\":\"https:\\\/\\\/www.slievebloomsnaturereserve.ie\\\/ga\\\/#\\\/schema\\\/logo\\\/image\\\/\",\"url\":\"https:\\\/\\\/www.wexfordwildfowlreserve.ie\\\/wp-content\\\/uploads\\\/2018\\\/10\\\/WWP-sized.png\",\"contentUrl\":\"https:\\\/\\\/www.wexfordwildfowlreserve.ie\\\/wp-content\\\/uploads\\\/2018\\\/10\\\/WWP-sized.png\",\"width\":404,\"height\":100,\"caption\":\"Wexford Wildfowl Reserve\"},\"image\":{\"@id\":\"https:\\\/\\\/www.slievebloomsnaturereserve.ie\\\/ga\\\/#\\\/schema\\\/logo\\\/image\\\/\"}}]}<\/script>\n<!-- \/ Yoast SEO plugin. -->","yoast_head_json":{"title":"Si\u00fal\u00f3id\u00ed - Anaclann D\u00falra Shliabh Bladhma","robots":{"index":"index","follow":"follow","max-snippet":"max-snippet:-1","max-image-preview":"max-image-preview:large","max-video-preview":"max-video-preview:-1"},"canonical":"https:\/\/www.slievebloomsnaturereserve.ie\/ga\/siuloidi\/","og_locale":"ga_IE","og_type":"article","og_title":"Si\u00fal\u00f3id\u00ed - Anaclann D\u00falra Shliabh Bladhma","og_description":"T\u00e1 tr\u00ed bhealach si\u00fal\u00f3ide foirmi\u00fala laistigh de theorainneacha na hanaclainne d\u00falra a shonra\u00edtear th\u00edos. Ina theannta sin, t\u00e1 go leor beala\u00ed sl\u00edmharc\u00e1ilte eile lasmuigh den anaclann, agus t\u00e1 sonra\u00ed f\u00fathu le f\u00e1il anseo. Si\u00fal\u00f3id ghearr l\u00faibe ar Dhroim na Ceapa\u00ed Airde T\u00f3gann an tsi\u00fal\u00f3id 750m seo cuairteoir\u00ed \u00f3n gcarrchl\u00f3s, tr\u00ed chl\u00e1rchos\u00e1n, go dt\u00ed an t-ard\u00e1n...","og_url":"https:\/\/www.slievebloomsnaturereserve.ie\/ga\/siuloidi\/","og_site_name":"Anaclann D\u00falra Shliabh Bladhma","article_modified_time":"2023-10-03T08:59:29+00:00","twitter_card":"summary_large_image","twitter_misc":{"Est. reading time":"1 minute"},"schema":{"@context":"https:\/\/schema.org","@graph":[{"@type":"WebPage","@id":"https:\/\/www.slievebloomsnaturereserve.ie\/ga\/siuloidi\/","url":"https:\/\/www.slievebloomsnaturereserve.ie\/ga\/siuloidi\/","name":"Si\u00fal\u00f3id\u00ed - Anaclann D\u00falra Shliabh Bladhma","isPartOf":{"@id":"https:\/\/www.slievebloomsnaturereserve.ie\/ga\/#website"},"datePublished":"2021-09-14T11:34:28+00:00","dateModified":"2023-10-03T08:59:29+00:00","breadcrumb":{"@id":"https:\/\/www.slievebloomsnaturereserve.ie\/ga\/siuloidi\/#breadcrumb"},"inLanguage":"ga-IE","potentialAction":[{"@type":"ReadAction","target":["https:\/\/www.slievebloomsnaturereserve.ie\/ga\/siuloidi\/"]}]},{"@type":"BreadcrumbList","@id":"https:\/\/www.slievebloomsnaturereserve.ie\/ga\/siuloidi\/#breadcrumb","itemListElement":[{"@type":"ListItem","position":1,"name":"Home","item":"https:\/\/www.slievebloomsnaturereserve.ie\/ga\/"},{"@type":"ListItem","position":2,"name":"Si\u00fal\u00f3id\u00ed"}]},{"@type":"WebSite","@id":"https:\/\/www.slievebloomsnaturereserve.ie\/ga\/#website","url":"https:\/\/www.slievebloomsnaturereserve.ie\/ga\/","name":"Wexford Wildfowl Reserve","description":"","publisher":{"@id":"https:\/\/www.slievebloomsnaturereserve.ie\/ga\/#organization"},"potentialAction":[{"@type":"SearchAction","target":{"@type":"EntryPoint","urlTemplate":"https:\/\/www.slievebloomsnaturereserve.ie\/ga\/?s={search_term_string}"},"query-input":{"@type":"PropertyValueSpecification","valueRequired":true,"valueName":"search_term_string"}}],"inLanguage":"ga-IE"},{"@type":"Organization","@id":"https:\/\/www.slievebloomsnaturereserve.ie\/ga\/#organization","name":"Wexford Wildfowl Reserve","url":"https:\/\/www.slievebloomsnaturereserve.ie\/ga\/","logo":{"@type":"ImageObject","inLanguage":"ga-IE","@id":"https:\/\/www.slievebloomsnaturereserve.ie\/ga\/#\/schema\/logo\/image\/","url":"https:\/\/www.wexfordwildfowlreserve.ie\/wp-content\/uploads\/2018\/10\/WWP-sized.png","contentUrl":"https:\/\/www.wexfordwildfowlreserve.ie\/wp-content\/uploads\/2018\/10\/WWP-sized.png","width":404,"height":100,"caption":"Wexford Wildfowl Reserve"},"image":{"@id":"https:\/\/www.slievebloomsnaturereserve.ie\/ga\/#\/schema\/logo\/image\/"}}]}},"jetpack_sharing_enabled":true,"_links":{"self":[{"href":"https:\/\/www.slievebloomsnaturereserve.ie\/ga\/wp-json\/wp\/v2\/pages\/1256","targetHints":{"allow":["GET"]}}],"collection":[{"href":"https:\/\/www.slievebloomsnaturereserve.ie\/ga\/wp-json\/wp\/v2\/pages"}],"about":[{"href":"https:\/\/www.slievebloomsnaturereserve.ie\/ga\/wp-json\/wp\/v2\/types\/page"}],"author":[{"embeddable":true,"href":"https:\/\/www.slievebloomsnaturereserve.ie\/ga\/wp-json\/wp\/v2\/users\/9"}],"replies":[{"embeddable":true,"href":"https:\/\/www.slievebloomsnaturereserve.ie\/ga\/wp-json\/wp\/v2\/comments?post=1256"}],"version-history":[{"count":2,"href":"https:\/\/www.slievebloomsnaturereserve.ie\/ga\/wp-json\/wp\/v2\/pages\/1256\/revisions"}],"predecessor-version":[{"id":1371,"href":"https:\/\/www.slievebloomsnaturereserve.ie\/ga\/wp-json\/wp\/v2\/pages\/1256\/revisions\/1371"}],"wp:attachment":[{"href":"https:\/\/www.slievebloomsnaturereserve.ie\/ga\/wp-json\/wp\/v2\/media?parent=1256"}],"curies":[{"name":"wp","href":"https:\/\/api.w.org\/{rel}","templated":true}]}}