{"id":1257,"date":"2021-09-14T11:35:06","date_gmt":"2021-09-14T11:35:06","guid":{"rendered":"https:\/\/www.slievebloomsnaturereserve.ie\/in-aice-laimhe\/"},"modified":"2023-10-03T08:29:57","modified_gmt":"2023-10-03T08:29:57","slug":"in-aice-laimhe","status":"publish","type":"page","link":"https:\/\/www.slievebloomsnaturereserve.ie\/ga\/in-aice-laimhe\/","title":{"rendered":"In aice l\u00e1imhe"},"content":{"rendered":"\n<p>Is \u00e1it \u00e9 Sliabh Bladhma a bhfuil an-t\u00f3ir air ag daoine a bhfuil sp\u00e9is acu sa d\u00falra agus a bhfuil fonn orthu a bheith amuigh faoin aer. T\u00e1 gr\u00e9as\u00e1in n\u00edos leithne de chos\u00e1in inbhuanaithe le haghaidh si\u00fal\u00f3ide agus rotha\u00edochta sl\u00e9ibhe le f\u00e1il sna foraois\u00ed in aice l\u00e1imhe agus t\u00e1 beala\u00ed rotha\u00edochta b\u00f3thair marc\u00e1ilte \u2013 f\u00e9ach na naisc th\u00edos.<\/p>\n\n<ul class=\"wp-block-list\">\n<li><a href=\"https:\/\/slievebloom.ie\/walking\" target=\"_blank\" rel=\"noopener\">Si\u00fal\u00f3id\u00ed<\/a><\/li>\n\n\n\n<li><a href=\"https:\/\/slievebloom.ie\/biking\/mountain-biking\" target=\"_blank\" rel=\"noopener\">Rotha\u00edocht sl\u00e9ibhe<\/a><\/li>\n\n\n\n<li><a href=\"https:\/\/slievebloom.ie\/biking\/road-cycling\" target=\"_blank\" rel=\"noopener\">Rotha\u00edocht b\u00f3thair<\/a><\/li>\n\n\n\n<li><a href=\"https:\/\/www.coillte.ie\/our-forests\/explore\/\" target=\"_blank\" rel=\"noopener\">Coillte amuigh faoin aer<\/a><\/li>\n<\/ul>\n","protected":false},"excerpt":{"rendered":"<p>Is \u00e1it \u00e9 Sliabh Bladhma a bhfuil an-t\u00f3ir air ag daoine a bhfuil sp\u00e9is acu sa d\u00falra agus a bhfuil fonn orthu a bheith amuigh faoin aer. T\u00e1 gr\u00e9as\u00e1in n\u00edos leithne de chos\u00e1in inbhuanaithe le haghaidh si\u00fal\u00f3ide agus rotha\u00edochta sl\u00e9ibhe le f\u00e1il sna foraois\u00ed in aice l\u00e1imhe agus t\u00e1 beala\u00ed rotha\u00edochta b\u00f3thair marc\u00e1ilte \u2013 f\u00e9ach&#8230; <\/p>\n","protected":false},"author":9,"featured_media":0,"parent":0,"menu_order":0,"comment_status":"closed","ping_status":"closed","template":"no-sidebar.php","meta":{"footnotes":""},"class_list":["post-1257","page","type-page","status-publish","hentry"],"yoast_head":"<!-- This site is optimized with the Yoast SEO plugin v27.5 - https:\/\/yoast.com\/product\/yoast-seo-wordpress\/ -->\n<title>In aice l\u00e1imhe - Anaclann D\u00falra Shliabh Bladhma<\/title>\n<meta name=\"robots\" content=\"index, follow, max-snippet:-1, max-image-preview:large, max-video-preview:-1\" \/>\n<link rel=\"canonical\" href=\"https:\/\/www.slievebloomsnaturereserve.ie\/ga\/in-aice-laimhe\/\" \/>\n<meta property=\"og:locale\" content=\"ga_IE\" \/>\n<meta property=\"og:type\" content=\"article\" \/>\n<meta property=\"og:title\" content=\"In aice l\u00e1imhe - Anaclann D\u00falra Shliabh Bladhma\" \/>\n<meta property=\"og:description\" content=\"Is \u00e1it \u00e9 Sliabh Bladhma a bhfuil an-t\u00f3ir air ag daoine a bhfuil sp\u00e9is acu sa d\u00falra agus a bhfuil fonn orthu a bheith amuigh faoin aer. T\u00e1 gr\u00e9as\u00e1in n\u00edos leithne de chos\u00e1in inbhuanaithe le haghaidh si\u00fal\u00f3ide agus rotha\u00edochta sl\u00e9ibhe le f\u00e1il sna foraois\u00ed in aice l\u00e1imhe agus t\u00e1 beala\u00ed rotha\u00edochta b\u00f3thair marc\u00e1ilte \u2013 f\u00e9ach...\" \/>\n<meta property=\"og:url\" content=\"https:\/\/www.slievebloomsnaturereserve.ie\/ga\/in-aice-laimhe\/\" \/>\n<meta property=\"og:site_name\" content=\"Anaclann D\u00falra Shliabh Bladhma\" \/>\n<meta property=\"article:modified_time\" content=\"2023-10-03T08:29:57+00:00\" \/>\n<meta name=\"twitter:card\" content=\"summary_large_image\" \/>\n<script type=\"application\/ld+json\" class=\"yoast-schema-graph\">{\"@context\":\"https:\\\/\\\/schema.org\",\"@graph\":[{\"@type\":\"WebPage\",\"@id\":\"https:\\\/\\\/www.slievebloomsnaturereserve.ie\\\/ga\\\/in-aice-laimhe\\\/\",\"url\":\"https:\\\/\\\/www.slievebloomsnaturereserve.ie\\\/ga\\\/in-aice-laimhe\\\/\",\"name\":\"In aice l\u00e1imhe - Anaclann D\u00falra Shliabh Bladhma\",\"isPartOf\":{\"@id\":\"https:\\\/\\\/www.slievebloomsnaturereserve.ie\\\/ga\\\/#website\"},\"datePublished\":\"2021-09-14T11:35:06+00:00\",\"dateModified\":\"2023-10-03T08:29:57+00:00\",\"breadcrumb\":{\"@id\":\"https:\\\/\\\/www.slievebloomsnaturereserve.ie\\\/ga\\\/in-aice-laimhe\\\/#breadcrumb\"},\"inLanguage\":\"ga-IE\",\"potentialAction\":[{\"@type\":\"ReadAction\",\"target\":[\"https:\\\/\\\/www.slievebloomsnaturereserve.ie\\\/ga\\\/in-aice-laimhe\\\/\"]}]},{\"@type\":\"BreadcrumbList\",\"@id\":\"https:\\\/\\\/www.slievebloomsnaturereserve.ie\\\/ga\\\/in-aice-laimhe\\\/#breadcrumb\",\"itemListElement\":[{\"@type\":\"ListItem\",\"position\":1,\"name\":\"Home\",\"item\":\"https:\\\/\\\/www.slievebloomsnaturereserve.ie\\\/ga\\\/\"},{\"@type\":\"ListItem\",\"position\":2,\"name\":\"In aice l\u00e1imhe\"}]},{\"@type\":\"WebSite\",\"@id\":\"https:\\\/\\\/www.slievebloomsnaturereserve.ie\\\/ga\\\/#website\",\"url\":\"https:\\\/\\\/www.slievebloomsnaturereserve.ie\\\/ga\\\/\",\"name\":\"Wexford Wildfowl Reserve\",\"description\":\"\",\"publisher\":{\"@id\":\"https:\\\/\\\/www.slievebloomsnaturereserve.ie\\\/ga\\\/#organization\"},\"potentialAction\":[{\"@type\":\"SearchAction\",\"target\":{\"@type\":\"EntryPoint\",\"urlTemplate\":\"https:\\\/\\\/www.slievebloomsnaturereserve.ie\\\/ga\\\/?s={search_term_string}\"},\"query-input\":{\"@type\":\"PropertyValueSpecification\",\"valueRequired\":true,\"valueName\":\"search_term_string\"}}],\"inLanguage\":\"ga-IE\"},{\"@type\":\"Organization\",\"@id\":\"https:\\\/\\\/www.slievebloomsnaturereserve.ie\\\/ga\\\/#organization\",\"name\":\"Wexford Wildfowl Reserve\",\"url\":\"https:\\\/\\\/www.slievebloomsnaturereserve.ie\\\/ga\\\/\",\"logo\":{\"@type\":\"ImageObject\",\"inLanguage\":\"ga-IE\",\"@id\":\"https:\\\/\\\/www.slievebloomsnaturereserve.ie\\\/ga\\\/#\\\/schema\\\/logo\\\/image\\\/\",\"url\":\"https:\\\/\\\/www.wexfordwildfowlreserve.ie\\\/wp-content\\\/uploads\\\/2018\\\/10\\\/WWP-sized.png\",\"contentUrl\":\"https:\\\/\\\/www.wexfordwildfowlreserve.ie\\\/wp-content\\\/uploads\\\/2018\\\/10\\\/WWP-sized.png\",\"width\":404,\"height\":100,\"caption\":\"Wexford Wildfowl Reserve\"},\"image\":{\"@id\":\"https:\\\/\\\/www.slievebloomsnaturereserve.ie\\\/ga\\\/#\\\/schema\\\/logo\\\/image\\\/\"}}]}<\/script>\n<!-- \/ Yoast SEO plugin. -->","yoast_head_json":{"title":"In aice l\u00e1imhe - Anaclann D\u00falra Shliabh Bladhma","robots":{"index":"index","follow":"follow","max-snippet":"max-snippet:-1","max-image-preview":"max-image-preview:large","max-video-preview":"max-video-preview:-1"},"canonical":"https:\/\/www.slievebloomsnaturereserve.ie\/ga\/in-aice-laimhe\/","og_locale":"ga_IE","og_type":"article","og_title":"In aice l\u00e1imhe - Anaclann D\u00falra Shliabh Bladhma","og_description":"Is \u00e1it \u00e9 Sliabh Bladhma a bhfuil an-t\u00f3ir air ag daoine a bhfuil sp\u00e9is acu sa d\u00falra agus a bhfuil fonn orthu a bheith amuigh faoin aer. T\u00e1 gr\u00e9as\u00e1in n\u00edos leithne de chos\u00e1in inbhuanaithe le haghaidh si\u00fal\u00f3ide agus rotha\u00edochta sl\u00e9ibhe le f\u00e1il sna foraois\u00ed in aice l\u00e1imhe agus t\u00e1 beala\u00ed rotha\u00edochta b\u00f3thair marc\u00e1ilte \u2013 f\u00e9ach...","og_url":"https:\/\/www.slievebloomsnaturereserve.ie\/ga\/in-aice-laimhe\/","og_site_name":"Anaclann D\u00falra Shliabh Bladhma","article_modified_time":"2023-10-03T08:29:57+00:00","twitter_card":"summary_large_image","schema":{"@context":"https:\/\/schema.org","@graph":[{"@type":"WebPage","@id":"https:\/\/www.slievebloomsnaturereserve.ie\/ga\/in-aice-laimhe\/","url":"https:\/\/www.slievebloomsnaturereserve.ie\/ga\/in-aice-laimhe\/","name":"In aice l\u00e1imhe - Anaclann D\u00falra Shliabh Bladhma","isPartOf":{"@id":"https:\/\/www.slievebloomsnaturereserve.ie\/ga\/#website"},"datePublished":"2021-09-14T11:35:06+00:00","dateModified":"2023-10-03T08:29:57+00:00","breadcrumb":{"@id":"https:\/\/www.slievebloomsnaturereserve.ie\/ga\/in-aice-laimhe\/#breadcrumb"},"inLanguage":"ga-IE","potentialAction":[{"@type":"ReadAction","target":["https:\/\/www.slievebloomsnaturereserve.ie\/ga\/in-aice-laimhe\/"]}]},{"@type":"BreadcrumbList","@id":"https:\/\/www.slievebloomsnaturereserve.ie\/ga\/in-aice-laimhe\/#breadcrumb","itemListElement":[{"@type":"ListItem","position":1,"name":"Home","item":"https:\/\/www.slievebloomsnaturereserve.ie\/ga\/"},{"@type":"ListItem","position":2,"name":"In aice l\u00e1imhe"}]},{"@type":"WebSite","@id":"https:\/\/www.slievebloomsnaturereserve.ie\/ga\/#website","url":"https:\/\/www.slievebloomsnaturereserve.ie\/ga\/","name":"Wexford Wildfowl Reserve","description":"","publisher":{"@id":"https:\/\/www.slievebloomsnaturereserve.ie\/ga\/#organization"},"potentialAction":[{"@type":"SearchAction","target":{"@type":"EntryPoint","urlTemplate":"https:\/\/www.slievebloomsnaturereserve.ie\/ga\/?s={search_term_string}"},"query-input":{"@type":"PropertyValueSpecification","valueRequired":true,"valueName":"search_term_string"}}],"inLanguage":"ga-IE"},{"@type":"Organization","@id":"https:\/\/www.slievebloomsnaturereserve.ie\/ga\/#organization","name":"Wexford Wildfowl Reserve","url":"https:\/\/www.slievebloomsnaturereserve.ie\/ga\/","logo":{"@type":"ImageObject","inLanguage":"ga-IE","@id":"https:\/\/www.slievebloomsnaturereserve.ie\/ga\/#\/schema\/logo\/image\/","url":"https:\/\/www.wexfordwildfowlreserve.ie\/wp-content\/uploads\/2018\/10\/WWP-sized.png","contentUrl":"https:\/\/www.wexfordwildfowlreserve.ie\/wp-content\/uploads\/2018\/10\/WWP-sized.png","width":404,"height":100,"caption":"Wexford Wildfowl Reserve"},"image":{"@id":"https:\/\/www.slievebloomsnaturereserve.ie\/ga\/#\/schema\/logo\/image\/"}}]}},"jetpack_sharing_enabled":true,"_links":{"self":[{"href":"https:\/\/www.slievebloomsnaturereserve.ie\/ga\/wp-json\/wp\/v2\/pages\/1257","targetHints":{"allow":["GET"]}}],"collection":[{"href":"https:\/\/www.slievebloomsnaturereserve.ie\/ga\/wp-json\/wp\/v2\/pages"}],"about":[{"href":"https:\/\/www.slievebloomsnaturereserve.ie\/ga\/wp-json\/wp\/v2\/types\/page"}],"author":[{"embeddable":true,"href":"https:\/\/www.slievebloomsnaturereserve.ie\/ga\/wp-json\/wp\/v2\/users\/9"}],"replies":[{"embeddable":true,"href":"https:\/\/www.slievebloomsnaturereserve.ie\/ga\/wp-json\/wp\/v2\/comments?post=1257"}],"version-history":[{"count":4,"href":"https:\/\/www.slievebloomsnaturereserve.ie\/ga\/wp-json\/wp\/v2\/pages\/1257\/revisions"}],"predecessor-version":[{"id":1360,"href":"https:\/\/www.slievebloomsnaturereserve.ie\/ga\/wp-json\/wp\/v2\/pages\/1257\/revisions\/1360"}],"wp:attachment":[{"href":"https:\/\/www.slievebloomsnaturereserve.ie\/ga\/wp-json\/wp\/v2\/media?parent=1257"}],"curies":[{"name":"wp","href":"https:\/\/api.w.org\/{rel}","templated":true}]}}